{"id":33853,"date":"2026-05-05T15:00:04","date_gmt":"2026-05-05T13:00:04","guid":{"rendered":"https:\/\/hoteldelibab.hu\/csomagajanlatok\/delibab-husvet-c\/"},"modified":"2026-05-07T10:40:05","modified_gmt":"2026-05-07T08:40:05","slug":"punkosdi-wellness-hajduszoboszlon","status":"publish","type":"page","link":"https:\/\/hoteldelibab.hu\/en\/csomagajanlatok\/punkosdi-wellness-hajduszoboszlon\/","title":{"rendered":"D\u00e9lib\u00e1b PENTECOST"},"content":{"rendered":"<div class=\"wpb-content-wrapper\"><div class=\"vc_row wpb_row vc_row-fluid\" ><div class=\"wpb_column vc_column_container vc_col-sm-12\"><div class=\"vc_column-inner\"><div class=\"wpb_wrapper\"><div class=\"mkdf-section-title-holder  mkdf-st-standard  mkdf-st-title-left mkdf-st-normal-space\" >\n\t<div class=\"mkdf-st-inner\">\n\t\t\t\t\t\t\t<h1 class=\"mkdf-st-title\" >\n\t\t\t\tPentecost Wellness in Hajd\u00faszoboszl\u00f3: We\u2019re opening the doors to new experiences!\t\t\t\t\t\t\t<\/h1>\n\t\t\t\t\t\t\t<\/div>\n<\/div><\/div><\/div><\/div><\/div><div class=\"vc_row wpb_row vc_row-fluid vc_custom_1774689498259\" ><div class=\"wpb_column vc_column_container vc_col-sm-12\"><div class=\"vc_column-inner\"><div class=\"wpb_wrapper\"><div class=\"vc_separator wpb_content_element vc_separator_align_center vc_sep_width_100 vc_sep_pos_align_center vc_separator_no_text vc_custom_1764605621427 wpb_content_element  vc_custom_1764605621427 wpb_content_element\" ><span class=\"vc_sep_holder vc_sep_holder_l\"><span style=\"border-color:#a49383;\" class=\"vc_sep_line\"><\/span><\/span><span class=\"vc_sep_holder vc_sep_holder_r\"><span style=\"border-color:#a49383;\" class=\"vc_sep_line\"><\/span><\/span>\n<\/div><\/div><\/div><\/div><\/div><div class=\"vc_row wpb_row vc_row-fluid vc_row-o-equal-height vc_row-o-content-top vc_row-flex\" ><div class=\"wpb_column vc_column_container vc_col-sm-9\"><div class=\"vc_column-inner\"><div class=\"wpb_wrapper\">\n\t<div  class=\"wpb_single_image wpb_content_element vc_align_center wpb_content_element\">\n\t\t\n\t\t<figure class=\"wpb_wrapper vc_figure\">\n\t\t\t<div class=\"vc_single_image-wrapper   vc_box_border_grey\"><img decoding=\"async\" class=\"vc_single_image-img\" src=\"https:\/\/hoteldelibab.hu\/wp-content\/uploads\/2026\/05\/Untitled-design-18.png\" width=\"1000\" height=\"563\" alt=\"P\u00fcnk\u00f6sdi wellness Hajd\u00faszoboszl\u00f3n k\u00f6zvetlen \u00e9s sorban \u00e1ll\u00e1s n\u00e9lk\u00fcli strandkapcsolattal a Hotel D\u00e9lib\u00e1b udvar\u00e1r\u00f3l.\" title=\"Untitled design (18)\" loading=\"lazy\" \/><\/div>\n\t\t<\/figure>\n\t<\/div>\n<\/div><\/div><\/div><div class=\"wpb_column vc_column_container vc_col-sm-3\"><div class=\"vc_column-inner vc_custom_1576745059144\"><div class=\"wpb_wrapper\"><div class=\"vc_empty_space\"   style=\"height: 16px\"><span class=\"vc_empty_space_inner\"><\/span><\/div><h2 class=\"mkdf-custom-font-holder  mkdf-cf-9057\" style=\"font-size: 1.4em;line-height: 1.25em;font-weight: 600;text-align: left;margin: 0\" data-item-class=\"mkdf-cf-9057\">\n\tUnlimited spa fun, no standing in line<\/h2><p class=\"mkdf-custom-font-holder  mkdf-cf-7980\" style=\"line-height: 1.25em;text-align: justify\" data-item-class=\"mkdf-cf-7980\">\n\tThis is the perfect moment for you to indulge in the joys of \u201cMay Summer.\u201d<\/p><div class=\"vc_empty_space\"   style=\"height: 16px\"><span class=\"vc_empty_space_inner\"><\/span><\/div><div class=\"mkdf-iwt clearfix  mkdf-iwt-icon-left-from-title mkdf-iwt-icon-medium\">\n\t<div class=\"mkdf-iwt-content\" >\n\t\t\t\t\t<h6 class=\"mkdf-iwt-title\" style=\"color: #000000\">\n\t\t\t\t\t\t\t\t\t<span class=\"mkdf-iwt-icon\">\n\t\t\t\t\t\t\t\t\t\t\t\t\t<img loading=\"lazy\" decoding=\"async\" width=\"1\" height=\"1\" src=\"https:\/\/hoteldelibab.hu\/wp-content\/uploads\/2022\/10\/HD_icons-NAPTAR.svg\" class=\"attachment-full size-full\" alt=\"Id\u0151pont \u25cf Hotel D\u00e9lib\u00e1b Hajd\u00faszoboszl\u00f3\" \/>\t\t\t\t\t\t\t\t\t\t\t<\/span>\n\t\t\t\t\t<span class=\"mkdf-iwt-title-text\">\n\t\t\t\t\t\t2026. 05. 22\u201325.\t\t\t\t\t<\/span>\n\t\t\t\t\t\t\t\t\t\t\t<\/h6>\n\t\t\t\t\t\t\t<\/div>\n<\/div><div class=\"vc_empty_space\"   style=\"height: 4px\"><span class=\"vc_empty_space_inner\"><\/span><\/div><div class=\"mkdf-iwt clearfix  mkdf-iwt-icon-left-from-title mkdf-iwt-icon-medium\">\n\t<div class=\"mkdf-iwt-content\" >\n\t\t\t\t\t<h6 class=\"mkdf-iwt-title\" style=\"color: #000000\">\n\t\t\t\t\t\t\t\t\t<span class=\"mkdf-iwt-icon\">\n\t\t\t\t\t\t\t\t\t\t\t\t\t<img loading=\"lazy\" decoding=\"async\" width=\"1\" height=\"1\" src=\"https:\/\/hoteldelibab.hu\/wp-content\/uploads\/2022\/10\/HD_icons-EJSZAKA.svg\" class=\"attachment-full size-full\" alt=\"\u00c9jszaka\" \/>\t\t\t\t\t\t\t\t\t\t\t<\/span>\n\t\t\t\t\t<span class=\"mkdf-iwt-title-text\">\n\t\t\t\t\t\t2 nights min.\t\t\t\t\t<\/span>\n\t\t\t\t\t\t\t\t\t\t\t<\/h6>\n\t\t\t\t\t\t\t<\/div>\n<\/div><div class=\"vc_empty_space\"   style=\"height: 4px\"><span class=\"vc_empty_space_inner\"><\/span><\/div><div class=\"mkdf-iwt clearfix  mkdf-iwt-icon-left-from-title mkdf-iwt-icon-medium\">\n\t<div class=\"mkdf-iwt-content\" >\n\t\t\t\t\t<h6 class=\"mkdf-iwt-title\" style=\"color: #000000\">\n\t\t\t\t\t\t\t\t\t<span class=\"mkdf-iwt-icon\">\n\t\t\t\t\t\t\t\t\t\t\t\t\t<img loading=\"lazy\" decoding=\"async\" width=\"1\" height=\"1\" src=\"https:\/\/hoteldelibab.hu\/wp-content\/uploads\/2022\/10\/HD_icons-SIKERES.svg\" class=\"attachment-full size-full\" alt=\"Hotel D\u00e9lib\u00e1b Hajd\u00faszoboszl\u00f3\" \/>\t\t\t\t\t\t\t\t\t\t\t<\/span>\n\t\t\t\t\t<span class=\"mkdf-iwt-title-text\">\n\t\t\t\t\t\tArrival: Friday, Saturday\t\t\t\t\t<\/span>\n\t\t\t\t\t\t\t\t\t\t\t<\/h6>\n\t\t\t\t\t\t\t<\/div>\n<\/div><div class=\"vc_empty_space\"   style=\"height: 4px\"><span class=\"vc_empty_space_inner\"><\/span><\/div><div class=\"mkdf-iwt clearfix  mkdf-iwt-icon-left-from-title mkdf-iwt-icon-medium\">\n\t<div class=\"mkdf-iwt-content\" >\n\t\t\t\t\t<h6 class=\"mkdf-iwt-title\" style=\"color: #000000\">\n\t\t\t\t\t\t\t\t\t<span class=\"mkdf-iwt-icon\">\n\t\t\t\t\t\t\t\t\t\t\t\t\t<img loading=\"lazy\" decoding=\"async\" width=\"1\" height=\"1\" src=\"https:\/\/hoteldelibab.hu\/wp-content\/uploads\/2022\/10\/HD_icons-CSOMAGAR.svg\" class=\"attachment-full size-full\" alt=\"Csomag\u00e1r | Hotel D\u00e9lib\u00e1b Hajd\u00faszoboszl\u00f3\" \/>\t\t\t\t\t\t\t\t\t\t\t<\/span>\n\t\t\t\t\t<span class=\"mkdf-iwt-title-text\">\n\t\t\t\t\t\tFrom 36 900 Ft \/ person \/ night\t\t\t\t\t<\/span>\n\t\t\t\t\t\t\t\t\t\t\t<\/h6>\n\t\t\t\t\t\t\t<\/div>\n<\/div><div class=\"vc_empty_space\"   style=\"height: 4px\"><span class=\"vc_empty_space_inner\"><\/span><\/div><div class=\"mkdf-iwt clearfix  mkdf-iwt-icon-left-from-title mkdf-iwt-icon-medium\">\n\t<div class=\"mkdf-iwt-content\" >\n\t\t\t\t\t<h6 class=\"mkdf-iwt-title\" style=\"color: #000000\">\n\t\t\t\t\t\t\t\t\t<span class=\"mkdf-iwt-icon\">\n\t\t\t\t\t\t\t\t\t\t\t\t\t<img loading=\"lazy\" decoding=\"async\" width=\"204\" height=\"204\" src=\"https:\/\/hoteldelibab.hu\/wp-content\/uploads\/2022\/09\/HD_icons-AR.png\" class=\"attachment-full size-full\" alt=\"\" srcset=\"https:\/\/hoteldelibab.hu\/wp-content\/uploads\/2022\/09\/HD_icons-AR.png 204w, https:\/\/hoteldelibab.hu\/wp-content\/uploads\/2022\/09\/HD_icons-AR-150x150.png 150w\" sizes=\"auto, (max-width: 204px) 100vw, 204px\" \/>\t\t\t\t\t\t\t\t\t\t\t<\/span>\n\t\t\t\t\t<span class=\"mkdf-iwt-title-text\">\n\t\t\t\t\t\tMinimum 50% deposit required\t\t\t\t\t<\/span>\n\t\t\t\t\t\t\t\t\t\t\t<\/h6>\n\t\t\t\t\t\t\t<\/div>\n<\/div><div class=\"vc_empty_space\"   style=\"height: 4px\"><span class=\"vc_empty_space_inner\"><\/span><\/div><div class=\"mkdf-iwt clearfix  mkdf-iwt-icon-left-from-title mkdf-iwt-icon-medium\">\n\t<div class=\"mkdf-iwt-content\" >\n\t\t\t\t\t<h6 class=\"mkdf-iwt-title\" style=\"color: #000000\">\n\t\t\t\t\t\t\t\t\t<span class=\"mkdf-iwt-icon\">\n\t\t\t\t\t\t\t\t\t\t\t\t\t<img loading=\"lazy\" decoding=\"async\" width=\"1\" height=\"1\" src=\"https:\/\/hoteldelibab.hu\/wp-content\/uploads\/2022\/10\/HD_icons-ARGARANCIA.svg\" class=\"attachment-full size-full\" alt=\"Kedvezm\u00e9nyek\" \/>\t\t\t\t\t\t\t\t\t\t\t<\/span>\n\t\t\t\t\t<span class=\"mkdf-iwt-title-text\">\n\t\t\t\t\t\tUp to 6% Early Bird discount\t\t\t\t\t<\/span>\n\t\t\t\t\t\t\t\t\t\t\t<\/h6>\n\t\t\t\t\t\t\t<\/div>\n<\/div><div class=\"vc_empty_space\"   style=\"height: 24px\"><span class=\"vc_empty_space_inner\"><\/span><\/div><div class=\"vc_btn3-container vc_btn3-center vc_do_btn\" ><a class=\"vc_general vc_btn3 vc_btn3-size-lg vc_btn3-shape-square vc_btn3-style-outline vc_btn3-block vc_btn3-color-chino\" href=\"https:\/\/book.hoteldelibab.hu\/ajanlatkeres?fromDate=2026-05-22&#038;toDate=2026-05-24\" title=\"\" target=\"_blank\">REQUEST<\/a><\/div><div class=\"vc_btn3-container vc_btn3-center vc_do_btn\" ><a class=\"vc_general vc_btn3 vc_btn3-size-lg vc_btn3-shape-square vc_btn3-style-outline vc_btn3-block vc_btn3-color-chino\" href=\"https:\/\/book.hoteldelibab.hu\/foglalas\/kereses?fromDate=2026-05-22&#038;toDate=2026-05-24\" title=\"\" target=\"_blank\">PRICES | BOOKING<\/a><\/div><\/div><\/div><\/div><\/div><div class=\"vc_row wpb_row vc_row-fluid\" ><div class=\"wpb_column vc_column_container vc_col-sm-12\"><div class=\"vc_column-inner\"><div class=\"wpb_wrapper\"><div class=\"vc_separator wpb_content_element vc_separator_align_center vc_sep_width_100 vc_sep_pos_align_center vc_separator_no_text vc_custom_1764605653374 wpb_content_element  vc_custom_1764605653374 wpb_content_element\" ><span class=\"vc_sep_holder vc_sep_holder_l\"><span style=\"border-color:#a49383;\" class=\"vc_sep_line\"><\/span><\/span><span class=\"vc_sep_holder vc_sep_holder_r\"><span style=\"border-color:#a49383;\" class=\"vc_sep_line\"><\/span><\/span>\n<\/div><\/div><\/div><\/div><\/div><div class=\"vc_row wpb_row vc_row-fluid\" ><div class=\"wpb_column vc_column_container vc_col-sm-12\"><div class=\"vc_column-inner\"><div class=\"wpb_wrapper\">\n\t<div class=\"wpb_text_column wpb_content_element vc_custom_1778140993207\" >\n\t\t<div class=\"wpb_wrapper\">\n\t\t\t<h5 data-start=\"163\" data-end=\"242\"><strong>Pentecost Wellness in Hajd\u00faszoboszl\u00f3 \u2013 <\/strong><strong>A long weekend the whole family will love<\/strong><\/h5>\n<p>There is something truly unique about the sunshine in May: the first, still silky warmth of summer that permeates your body, and the promise that we can finally slow down. For us, a Whitsun wellness getaway in Hajd\u00faszoboszl\u00f3 is not just a hotel stay, but the first real summer vacation of the year. Imagine planning your day in the morning silence, a creamy coffee made with the Nespresso machine in your room in hand, knowing that this year you won\u2019t have to stand in line for a ticket.<\/p>\n<p>One of the greatest perks of Hotel D\u00e9lib\u00e1b is that it opens the door to a world of experiences for you. As the city slowly comes to life, you can walk directly and freely through the turnstile in the hotel courtyard\u2014wearing the exclusive wristband included with your package\u2014into the realm of the <a href=\"https:\/\/hungarospa.hu\/en\/open-air-pool\/\" target=\"_blank\" rel=\"noopener\">Hungarospa Open-Air Spa<\/a> next door. In May, the beach is already operating in full swing, but the peak-season crowds are still far off\u2014this is the perfect moment to surrender to the pleasures of \u201cMay summer.\u201d<\/p>\n<p><strong>A Harmony of Relaxation and Fine Dining<\/strong><br \/>\nYour Pentecost wellness getaway in Hajd\u00faszoboszl\u00f3 is truly complete when it\u2019s paired with a sense of security. Our iconic hotel\u2019s private indoor <a href=\"https:\/\/hoteldelibab.hu\/delibab-wellness\/\" target=\"_blank\" rel=\"noopener\">wellness area<\/a> and thermal pools ensure that you won\u2019t have to miss out on aquatic experiences, even if the spring skies happen to turn a bit cloudy. <a href=\"https:\/\/hoteldelibab.hu\/szobak-lakosztalyok\/osszenyitott-csaladi-szoba\/\" target=\"_blank\" rel=\"noopener\">Our Classic rooms, designed for families,<\/a> offer a true sense of home, where two full-sized bathrooms ensure the comfort of getting ready in the morning.<\/p>\n<p>For us, the festive table is a place of abundance and gourmet delights. In addition to our generous half-board service, if you\u2019re craving a truly sumptuous lunch, the specialty steaks and premium wine selection at <a href=\"https:\/\/mirage-etterem.hu\/\" target=\"_blank\" rel=\"noopener\">Mirage Restaurant<\/a> will be the perfect way to cap off the long Pentecost weekend.<\/p>\n<p><strong>The Awakening of the Spirit: A Festive Singing Bowl Session<\/strong><br \/>\nRound out your stay with us with a special mental refreshment! On May 23, we\u2019ll help you find inner balance through the ancient power of singing bowls with our popular Singing Bowl meditation program.<\/p>\n\n\t\t<\/div>\n\t<\/div>\n<\/div><\/div><\/div><\/div><div class=\"vc_row wpb_row vc_row-fluid vc_custom_1578302848189\" ><div class=\"wpb_column vc_column_container vc_col-sm-6\"><div class=\"vc_column-inner\"><div class=\"wpb_wrapper\">\n\t<div class=\"wpb_text_column wpb_content_element vc_custom_1767892782816\" >\n\t\t<div class=\"wpb_wrapper\">\n\t\t\t<div class=\"xdj266r x11i5rnm xat24cr x1mh8g0r x1vvkbs x126k92a\">\n<p><strong>Accommodation<\/strong> in your chosen room type<br \/>\n<strong>Meals<br \/>\n<\/strong>Rich buffet breakfast<br \/>\nBuffet dinner \u2013 with local and international delicacies, drinks not included<br \/>\n<strong>D\u00e9lib\u00e1b Wellness | Unlimited experience between 8:00 AM and 8 PM<\/strong><br \/>\nDivided thermal pool \u2022 32-34\u00b0C &amp; 36-38\u00b0C<br \/>\nAdventure pool<br \/>\nNeck shower<br \/>\nHot tub<br \/>\n<strong>Sauna World<\/strong><br \/>\nA classic hot Finnish sauna and a milder bio sauna, ice well, steam chamber, relaxation chamber with salt blocks<br \/>\nPlunge pool<br \/>\n<strong>Entertainment and extras<br \/>\n<\/strong><a href=\"https:\/\/touchgametable.com\/\" target=\"_blank\" rel=\"noopener\">TouchGameTable<\/a> \u2013 digital board games<br \/>\nIndoor playhouse<br \/>\nAvaliable for an extra charge: foosball, darts, billiards, air hockey<br \/>\n<strong>Room amenities<\/strong><br \/>\nBathrobe and slippers for the duration of your stay<br \/>\nWalk-in shower<br \/>\nHair dryer<br \/>\nAir conditioning<br \/>\nSatellite TV<br \/>\nWifi<br \/>\nNespresso coffe machine, capsules provided<br \/>\nWelcome mineral water in the room on the day of arrival<br \/>\n<strong>Parking<\/strong><br \/>\nLimited number of parking spots in front of the hotel\nFree \u2013 booking in advance not available<br \/>\nPaid parking in town<\/p>\n<\/div>\n\n\t\t<\/div>\n\t<\/div>\n<\/div><\/div><\/div><div class=\"wpb_column vc_column_container vc_col-sm-6\"><div class=\"vc_column-inner\"><div class=\"wpb_wrapper\"><p class=\"mkdf-custom-font-holder  mkdf-cf-2085\" style=\"font-weight: 600;text-align: justify;color: #B79430\" data-item-class=\"mkdf-cf-2085\">\n\tExclusive content - only in this package<\/p>\n\t<div class=\"wpb_text_column wpb_content_element\" >\n\t\t<div class=\"wpb_wrapper\">\n\t\t\t<p class=\"query-text-line ng-star-inserted\"><strong>Direct, unlimited access<\/strong>\u00a0to the operating pools of Hungarospa Open-Air Spa and Thermal Baths<\/p>\n\n\t\t<\/div>\n\t<\/div>\n<\/div><\/div><\/div><\/div><div class=\"vc_row wpb_row vc_row-fluid arak\" ><div class=\"wpb_column vc_column_container vc_col-sm-12\"><div class=\"vc_column-inner\"><div class=\"wpb_wrapper\"><div class=\"vc_separator wpb_content_element vc_separator_align_center vc_sep_width_100 vc_sep_pos_align_center vc_separator_no_text vc_custom_1764843122883 wpb_content_element  vc_custom_1764843122883 wpb_content_element\" ><span class=\"vc_sep_holder vc_sep_holder_l\"><span style=\"border-color:#a49383;\" class=\"vc_sep_line\"><\/span><\/span><span class=\"vc_sep_holder vc_sep_holder_r\"><span style=\"border-color:#a49383;\" class=\"vc_sep_line\"><\/span><\/span>\n<\/div>\n\t<div class=\"wpb_text_column wpb_content_element\" >\n\t\t<div class=\"wpb_wrapper\">\n\t\t\t<h6>Our prices may change depending on occupancy. The indicated prices include VAT and the service charge, but do not include the local tourist tax, which in Hajd\u00faszoboszl\u00f3 is 750 HUF \/ person \/ night. In the event of any change in the applicable VAT rate due to legislation, we reserve the right to adjust our prices accordingly.<\/h6>\n\n\t\t<\/div>\n\t<\/div>\n<div class=\"vc_separator wpb_content_element vc_separator_align_center vc_sep_width_100 vc_sep_pos_align_center vc_separator_no_text vc_custom_1764843137275 wpb_content_element  vc_custom_1764843137275 wpb_content_element\" ><span class=\"vc_sep_holder vc_sep_holder_l\"><span style=\"border-color:#a49383;\" class=\"vc_sep_line\"><\/span><\/span><span class=\"vc_sep_holder vc_sep_holder_r\"><span style=\"border-color:#a49383;\" class=\"vc_sep_line\"><\/span><\/span>\n<\/div><\/div><\/div><\/div><\/div><div data-vc-full-width=\"true\" data-vc-full-width-init=\"false\" class=\"vc_row wpb_row vc_row-fluid vc_custom_1769681995148 vc_row-has-fill vc_column-gap-30 vc_row-o-content-middle vc_row-flex\" style=\"background-color:#555555\"><div class=\"wpb_column vc_column_container vc_col-sm-3\"><div class=\"vc_column-inner\"><div class=\"wpb_wrapper\"><\/div><\/div><\/div><div class=\"wpb_column vc_column_container vc_col-sm-6\"><div class=\"vc_column-inner vc_custom_1769681391476\"><div class=\"wpb_wrapper\"><div class=\"vc_tta-container\" data-vc-action=\"collapseAll\"><div class=\"vc_general vc_tta vc_tta-accordion vc_tta-color-chino vc_tta-style-classic vc_tta-shape-square vc_tta-o-shape-group vc_tta-controls-align-center vc_tta-o-no-fill vc_tta-o-all-clickable vc_custom_1583929257131\"><div class=\"vc_tta-panels-container\"><div class=\"vc_tta-panels\"><div class=\"vc_tta-panel\" id=\"1583926886641-f95a8218-4408\" data-vc-content=\".vc_tta-panel-body\"><div class=\"vc_tta-panel-heading\"><h4 class=\"vc_tta-panel-title vc_tta-controls-icon-position-left\"><a href=\"#1583926886641-f95a8218-4408\" data-vc-accordion data-vc-container=\".vc_tta-container\"><span class=\"vc_tta-title-text\">SUBSCRIBE TO OUR NEWSLETTER<\/span><i class=\"vc_tta-controls-icon vc_tta-controls-icon-triangle\"><\/i><\/a><\/h4><\/div><div class=\"vc_tta-panel-body\">\n\t<div class=\"wpb_raw_code wpb_raw_html wpb_content_element\" >\n\t\t<div class=\"wpb_wrapper\">\n\t\t\t                <div class=\"ml-embedded\" data-form=\"PZDCwX\"><\/div>\n            \n\t\t<\/div>\n\t<\/div>\n<\/div><\/div><\/div><\/div><\/div><\/div><\/div><\/div><\/div><div class=\"wpb_column vc_column_container vc_col-sm-3\"><div class=\"vc_column-inner\"><div class=\"wpb_wrapper\"><\/div><\/div><\/div><\/div><div class=\"vc_row-full-width vc_clearfix\"><\/div><div data-vc-full-width=\"true\" data-vc-full-width-init=\"false\" data-vc-stretch-content=\"true\" class=\"vc_row wpb_row vc_row-fluid vc_custom_1769682000846 vc_row-no-padding\" ><div class=\"wpb_column vc_column_container vc_col-sm-12\"><div class=\"vc_column-inner vc_custom_1667735788066\"><div class=\"wpb_wrapper\"><div  class=\"wpb_widgetised_column wpb_content_element\">\n\t\t<div class=\"wpb_wrapper\">\n\t\t\t\n\t\t\t<div class=\"widget_text widget widget_custom_html\"><div class=\"textwidget custom-html-widget\"><iframe src=\"https:\/\/www.google.com\/maps\/embed?pb=!1m18!1m12!1m3!1d2698.024179487201!2d21.395308815879872!3d47.45046810674325!2m3!1f0!2f0!3f0!3m2!1i1024!2i768!4f13.1!3m3!1m2!1s0x4747197c7dbfa419%3A0xa05f57e4146f300c!2zSG90ZWwgRMOpbGliw6Fi!5e0!3m2!1shu!2shu!4v1667732845164!5m2!1shu!2shu\" width=\"100%\" height=\"450\" style=\"border:0; filter:saturate(0%);\" allowfullscreen=\"\" loading=\"lazy\" referrerpolicy=\"no-referrer-when-downgrade\"><\/iframe>\r\n<\/div><\/div>\n\t\t<\/div>\n\t<\/div>\n<\/div><\/div><\/div><\/div><div class=\"vc_row-full-width vc_clearfix\"><\/div>\n<\/div>","protected":false},"excerpt":{"rendered":"P\u00fcnk\u00f6sdi wellness Hajd\u00faszoboszl\u00f3n: kaput nyitunk az \u00e9lm\u00e9nyekre! Korl\u00e1tlan strandol\u00e1s, sorban \u00e1ll\u00e1s n\u00e9lk\u00fcl Ez a t\u00f6k\u00e9letes pillanat, hogy \u00e1tadja mag\u00e1t a \u201em\u00e1jusi ny\u00e1r\u201d \u00e9lvezet\u00e9nek. 2026. 05. 22\u201325. Min. 2 \u00e9jszaka \u00c9rkez\u00e9s: p\u00e9ntek, szombat 36 900 Ft\/ f\u0151\/ \u00e9j \u00e1rt\u00f3l Minimum 50% [...]","protected":false},"author":3,"featured_media":33885,"parent":16695,"menu_order":42,"comment_status":"closed","ping_status":"closed","template":"","meta":{"_acf_changed":false,"inline_featured_image":false,"footnotes":""},"class_list":["post-33853","page","type-page","status-publish","has-post-thumbnail","hentry"],"acf":[],"publishpress_future_action":{"enabled":true,"date":"2026-05-23 23:59:00","action":"change-status","newStatus":"draft","terms":[0],"taxonomy":"","extraData":[]},"publishpress_future_workflow_manual_trigger":{"enabledWorkflows":[]},"_links":{"self":[{"href":"https:\/\/hoteldelibab.hu\/en\/wp-json\/wp\/v2\/pages\/33853","targetHints":{"allow":["GET"]}}],"collection":[{"href":"https:\/\/hoteldelibab.hu\/en\/wp-json\/wp\/v2\/pages"}],"about":[{"href":"https:\/\/hoteldelibab.hu\/en\/wp-json\/wp\/v2\/types\/page"}],"author":[{"embeddable":true,"href":"https:\/\/hoteldelibab.hu\/en\/wp-json\/wp\/v2\/users\/3"}],"replies":[{"embeddable":true,"href":"https:\/\/hoteldelibab.hu\/en\/wp-json\/wp\/v2\/comments?post=33853"}],"version-history":[{"count":25,"href":"https:\/\/hoteldelibab.hu\/en\/wp-json\/wp\/v2\/pages\/33853\/revisions"}],"predecessor-version":[{"id":33912,"href":"https:\/\/hoteldelibab.hu\/en\/wp-json\/wp\/v2\/pages\/33853\/revisions\/33912"}],"up":[{"embeddable":true,"href":"https:\/\/hoteldelibab.hu\/en\/wp-json\/wp\/v2\/pages\/16695"}],"wp:featuredmedia":[{"embeddable":true,"href":"https:\/\/hoteldelibab.hu\/en\/wp-json\/wp\/v2\/media\/33885"}],"wp:attachment":[{"href":"https:\/\/hoteldelibab.hu\/en\/wp-json\/wp\/v2\/media?parent=33853"}],"curies":[{"name":"wp","href":"https:\/\/api.w.org\/{rel}","templated":true}]}}