{"id":33833,"date":"2026-04-30T09:26:16","date_gmt":"2026-04-30T07:26:16","guid":{"rendered":"https:\/\/hoteldelibab.hu\/csomagajanlatok\/delibab-tavaszi-wellness-c\/"},"modified":"2026-05-07T08:21:33","modified_gmt":"2026-05-07T06:21:33","slug":"nyaralas-hajduszoboszlon","status":"publish","type":"page","link":"https:\/\/hoteldelibab.hu\/en\/csomagajanlatok\/nyaralas-hajduszoboszlon\/","title":{"rendered":"D\u00e9lib\u00e1b SUMMER"},"content":{"rendered":"<div class=\"wpb-content-wrapper\"><div class=\"vc_row wpb_row vc_row-fluid\" ><div class=\"wpb_column vc_column_container vc_col-sm-12\"><div class=\"vc_column-inner\"><div class=\"wpb_wrapper\"><div class=\"mkdf-section-title-holder  mkdf-st-standard  mkdf-st-title-left mkdf-st-normal-space\" >\n\t<div class=\"mkdf-st-inner\">\n\t\t\t\t\t\t\t<h1 class=\"mkdf-st-title\" >\n\t\t\t\tCarefree holiday in Hajd\u00faszoboszl\u00f3: where your room meets the spa\t\t\t\t\t\t\t<\/h1>\n\t\t\t\t\t\t\t<\/div>\n<\/div><\/div><\/div><\/div><\/div><div class=\"vc_row wpb_row vc_row-fluid vc_custom_1532523802081\" ><div class=\"wpb_column vc_column_container vc_col-sm-12\"><div class=\"vc_column-inner\"><div class=\"wpb_wrapper\"><div class=\"vc_separator wpb_content_element vc_separator_align_center vc_sep_width_100 vc_sep_pos_align_center vc_separator_no_text vc_custom_1764605621427 wpb_content_element  vc_custom_1764605621427 wpb_content_element\" ><span class=\"vc_sep_holder vc_sep_holder_l\"><span style=\"border-color:#a49383;\" class=\"vc_sep_line\"><\/span><\/span><span class=\"vc_sep_holder vc_sep_holder_r\"><span style=\"border-color:#a49383;\" class=\"vc_sep_line\"><\/span><\/span>\n<\/div><\/div><\/div><\/div><\/div><div class=\"vc_row wpb_row vc_row-fluid vc_row-o-equal-height vc_row-o-content-top vc_row-flex\" ><div class=\"wpb_column vc_column_container vc_col-sm-9\"><div class=\"vc_column-inner\"><div class=\"wpb_wrapper\">\n\t<div  class=\"wpb_single_image wpb_content_element vc_align_center wpb_content_element\">\n\t\t\n\t\t<figure class=\"wpb_wrapper vc_figure\">\n\t\t\t<div class=\"vc_single_image-wrapper   vc_box_border_grey\"><img loading=\"lazy\" decoding=\"async\" width=\"1000\" height=\"563\" src=\"https:\/\/hoteldelibab.hu\/wp-content\/uploads\/2026\/05\/DelibabNYAR_GondtalanNyarHajduszoboszlo_HotelDelibab_3.png\" class=\"vc_single_image-img attachment-full\" alt=\"Nyaral\u00e1s Hajd\u00faszoboszl\u00f3n k\u00f6zvetlen strandkapcsolattal a Hotel D\u00e9lib\u00e1bban\" title=\"DelibabNYAR_GondtalanNyarHajduszoboszlo_HotelDelibab_3\" srcset=\"https:\/\/hoteldelibab.hu\/wp-content\/uploads\/2026\/05\/DelibabNYAR_GondtalanNyarHajduszoboszlo_HotelDelibab_3.png 1000w, https:\/\/hoteldelibab.hu\/wp-content\/uploads\/2026\/05\/DelibabNYAR_GondtalanNyarHajduszoboszlo_HotelDelibab_3-600x338.png 600w, https:\/\/hoteldelibab.hu\/wp-content\/uploads\/2026\/05\/DelibabNYAR_GondtalanNyarHajduszoboszlo_HotelDelibab_3-768x432.png 768w, https:\/\/hoteldelibab.hu\/wp-content\/uploads\/2026\/05\/DelibabNYAR_GondtalanNyarHajduszoboszlo_HotelDelibab_3-18x10.png 18w\" sizes=\"auto, (max-width: 1000px) 100vw, 1000px\" \/><\/div>\n\t\t<\/figure>\n\t<\/div>\n<\/div><\/div><\/div><div class=\"wpb_column vc_column_container vc_col-sm-3\"><div class=\"vc_column-inner vc_custom_1576745059144\"><div class=\"wpb_wrapper\"><div class=\"vc_empty_space\"   style=\"height: 16px\"><span class=\"vc_empty_space_inner\"><\/span><\/div><h2 class=\"mkdf-custom-font-holder  mkdf-cf-5433\" style=\"font-size: 1.4em;line-height: 1.25em;font-weight: 600;text-align: justify;margin: 0\" data-item-class=\"mkdf-cf-5433\">\n\tHoliday in Hajd\u00faszoboszl\u00f3 with direct access to the spa<\/h2><p class=\"mkdf-custom-font-holder  mkdf-cf-1743\" style=\"line-height: 1.25em;text-align: justify\" data-item-class=\"mkdf-cf-1743\">\n\tHere, your beach slippers are the only footwear you\u2019ll need between your room and the open air spa pools!<\/p><div class=\"vc_empty_space\"   style=\"height: 16px\"><span class=\"vc_empty_space_inner\"><\/span><\/div><div class=\"mkdf-iwt clearfix  mkdf-iwt-icon-left-from-title mkdf-iwt-icon-medium\">\n\t<div class=\"mkdf-iwt-content\" >\n\t\t\t\t\t<h6 class=\"mkdf-iwt-title\" style=\"color: #000000\">\n\t\t\t\t\t\t\t\t\t<span class=\"mkdf-iwt-icon\">\n\t\t\t\t\t\t\t\t\t\t\t\t\t<img loading=\"lazy\" decoding=\"async\" width=\"1\" height=\"1\" src=\"https:\/\/hoteldelibab.hu\/wp-content\/uploads\/2022\/10\/HD_icons-NAPTAR.svg\" class=\"attachment-full size-full\" alt=\"Id\u0151pont \u25cf Hotel D\u00e9lib\u00e1b Hajd\u00faszoboszl\u00f3\" \/>\t\t\t\t\t\t\t\t\t\t\t<\/span>\n\t\t\t\t\t<span class=\"mkdf-iwt-title-text\">\n\t\t\t\t\t\t2026.06.01.-08.31.\t\t\t\t\t<\/span>\n\t\t\t\t\t\t\t\t\t\t\t<\/h6>\n\t\t\t\t\t\t\t<\/div>\n<\/div><div class=\"vc_empty_space\"   style=\"height: 4px\"><span class=\"vc_empty_space_inner\"><\/span><\/div><div class=\"mkdf-iwt clearfix  mkdf-iwt-icon-left-from-title mkdf-iwt-icon-medium\">\n\t<div class=\"mkdf-iwt-content\" >\n\t\t\t\t\t<h6 class=\"mkdf-iwt-title\" style=\"color: #000000\">\n\t\t\t\t\t\t\t\t\t<span class=\"mkdf-iwt-icon\">\n\t\t\t\t\t\t\t\t\t\t\t\t\t<img loading=\"lazy\" decoding=\"async\" width=\"1\" height=\"1\" src=\"https:\/\/hoteldelibab.hu\/wp-content\/uploads\/2022\/10\/HD_icons-EJSZAKA.svg\" class=\"attachment-full size-full\" alt=\"\u00c9jszaka\" \/>\t\t\t\t\t\t\t\t\t\t\t<\/span>\n\t\t\t\t\t<span class=\"mkdf-iwt-title-text\">\n\t\t\t\t\t\t2 nights min.\t\t\t\t\t<\/span>\n\t\t\t\t\t\t\t\t\t\t\t<\/h6>\n\t\t\t\t\t\t\t<\/div>\n<\/div><div class=\"vc_empty_space\"   style=\"height: 4px\"><span class=\"vc_empty_space_inner\"><\/span><\/div><div class=\"mkdf-iwt clearfix  mkdf-iwt-icon-left-from-title mkdf-iwt-icon-medium\">\n\t<div class=\"mkdf-iwt-content\" >\n\t\t\t\t\t<h6 class=\"mkdf-iwt-title\" style=\"color: #000000\">\n\t\t\t\t\t\t\t\t\t<span class=\"mkdf-iwt-icon\">\n\t\t\t\t\t\t\t\t\t\t\t\t\t<img loading=\"lazy\" decoding=\"async\" width=\"1\" height=\"1\" src=\"https:\/\/hoteldelibab.hu\/wp-content\/uploads\/2022\/10\/HD_icons-SIKERES.svg\" class=\"attachment-full size-full\" alt=\"Hotel D\u00e9lib\u00e1b Hajd\u00faszoboszl\u00f3\" \/>\t\t\t\t\t\t\t\t\t\t\t<\/span>\n\t\t\t\t\t<span class=\"mkdf-iwt-title-text\">\n\t\t\t\t\t\tArrival: any day of the week\t\t\t\t\t<\/span>\n\t\t\t\t\t\t\t\t\t\t\t<\/h6>\n\t\t\t\t\t\t\t<\/div>\n<\/div><div class=\"vc_empty_space\"   style=\"height: 4px\"><span class=\"vc_empty_space_inner\"><\/span><\/div><div class=\"mkdf-iwt clearfix  mkdf-iwt-icon-left-from-title mkdf-iwt-icon-medium\">\n\t<div class=\"mkdf-iwt-content\" >\n\t\t\t\t\t<h6 class=\"mkdf-iwt-title\" style=\"color: #000000\">\n\t\t\t\t\t\t\t\t\t<span class=\"mkdf-iwt-icon\">\n\t\t\t\t\t\t\t\t\t\t\t\t\t<img loading=\"lazy\" decoding=\"async\" width=\"1\" height=\"1\" src=\"https:\/\/hoteldelibab.hu\/wp-content\/uploads\/2022\/10\/HD_icons-CSOMAGAR.svg\" class=\"attachment-full size-full\" alt=\"Csomag\u00e1r | Hotel D\u00e9lib\u00e1b Hajd\u00faszoboszl\u00f3\" \/>\t\t\t\t\t\t\t\t\t\t\t<\/span>\n\t\t\t\t\t<span class=\"mkdf-iwt-title-text\">\n\t\t\t\t\t\tPrices starting at 36 300 Ft \/ person \/ night\t\t\t\t\t<\/span>\n\t\t\t\t\t\t\t\t\t\t\t<\/h6>\n\t\t\t\t\t\t\t<\/div>\n<\/div><div class=\"vc_empty_space\"   style=\"height: 4px\"><span class=\"vc_empty_space_inner\"><\/span><\/div><div class=\"mkdf-iwt clearfix  mkdf-iwt-icon-left-from-title mkdf-iwt-icon-medium\">\n\t<div class=\"mkdf-iwt-content\" >\n\t\t\t\t\t<h6 class=\"mkdf-iwt-title\" style=\"color: #000000\">\n\t\t\t\t\t\t\t\t\t<span class=\"mkdf-iwt-icon\">\n\t\t\t\t\t\t\t\t\t\t\t\t\t<img loading=\"lazy\" decoding=\"async\" width=\"204\" height=\"204\" src=\"https:\/\/hoteldelibab.hu\/wp-content\/uploads\/2022\/09\/HD_icons-AR.png\" class=\"attachment-full size-full\" alt=\"\" srcset=\"https:\/\/hoteldelibab.hu\/wp-content\/uploads\/2022\/09\/HD_icons-AR.png 204w, https:\/\/hoteldelibab.hu\/wp-content\/uploads\/2022\/09\/HD_icons-AR-150x150.png 150w\" sizes=\"auto, (max-width: 204px) 100vw, 204px\" \/>\t\t\t\t\t\t\t\t\t\t\t<\/span>\n\t\t\t\t\t<span class=\"mkdf-iwt-title-text\">\n\t\t\t\t\t\tMinimum 50% deposit required\t\t\t\t\t<\/span>\n\t\t\t\t\t\t\t\t\t\t\t<\/h6>\n\t\t\t\t\t\t\t<\/div>\n<\/div><div class=\"vc_empty_space\"   style=\"height: 4px\"><span class=\"vc_empty_space_inner\"><\/span><\/div><div class=\"mkdf-iwt clearfix  mkdf-iwt-icon-left-from-title mkdf-iwt-icon-medium\">\n\t<div class=\"mkdf-iwt-content\" >\n\t\t\t\t\t<h6 class=\"mkdf-iwt-title\" style=\"color: #000000\">\n\t\t\t\t\t\t\t\t\t<span class=\"mkdf-iwt-icon\">\n\t\t\t\t\t\t\t\t\t\t\t\t\t<img loading=\"lazy\" decoding=\"async\" width=\"1\" height=\"1\" src=\"https:\/\/hoteldelibab.hu\/wp-content\/uploads\/2022\/10\/HD_icons-ARGARANCIA.svg\" class=\"attachment-full size-full\" alt=\"Kedvezm\u00e9nyek\" \/>\t\t\t\t\t\t\t\t\t\t\t<\/span>\n\t\t\t\t\t<span class=\"mkdf-iwt-title-text\">\n\t\t\t\t\t\tUp to 6-9% discount\t\t\t\t\t<\/span>\n\t\t\t\t\t\t\t\t\t\t\t<\/h6>\n\t\t\t\t\t\t\t<\/div>\n<\/div><div class=\"vc_empty_space\"   style=\"height: 24px\"><span class=\"vc_empty_space_inner\"><\/span><\/div><div class=\"vc_btn3-container vc_btn3-center vc_do_btn\" ><a class=\"vc_general vc_btn3 vc_btn3-size-lg vc_btn3-shape-square vc_btn3-style-outline vc_btn3-block vc_btn3-color-chino\" href=\"https:\/\/book.hoteldelibab.hu\/en\/inquiry\" title=\"\" target=\"_blank\">REQUEST<\/a><\/div><div class=\"vc_btn3-container vc_btn3-center vc_do_btn\" ><a class=\"vc_general vc_btn3 vc_btn3-size-lg vc_btn3-shape-square vc_btn3-style-outline vc_btn3-block vc_btn3-color-chino\" href=\"https:\/\/book.hoteldelibab.hu\/en\/booking\/search\" title=\"\" target=\"_blank\">PRICES | BOOKING<\/a><\/div><\/div><\/div><\/div><\/div><div class=\"vc_row wpb_row vc_row-fluid\" ><div class=\"wpb_column vc_column_container vc_col-sm-12\"><div class=\"vc_column-inner\"><div class=\"wpb_wrapper\"><div class=\"vc_separator wpb_content_element vc_separator_align_center vc_sep_width_100 vc_sep_pos_align_center vc_separator_no_text vc_custom_1764605653374 wpb_content_element  vc_custom_1764605653374 wpb_content_element\" ><span class=\"vc_sep_holder vc_sep_holder_l\"><span style=\"border-color:#a49383;\" class=\"vc_sep_line\"><\/span><\/span><span class=\"vc_sep_holder vc_sep_holder_r\"><span style=\"border-color:#a49383;\" class=\"vc_sep_line\"><\/span><\/span>\n<\/div><\/div><\/div><\/div><\/div><div class=\"vc_row wpb_row vc_row-fluid\" ><div class=\"wpb_column vc_column_container vc_col-sm-12\"><div class=\"vc_column-inner\"><div class=\"wpb_wrapper\">\n\t<div class=\"wpb_text_column wpb_content_element vc_custom_1778070915258\" >\n\t\t<div class=\"wpb_wrapper\">\n\t\t\t<h5>Freedom and premium comfort \u2013 a vacation in Hajd\u00faszoboszl\u00f3 with direct access to the spa!<\/h5>\n<p>Many of us dream of a vacation where, after your morning coffee, all you need is a pair of flip-flops to get to the beach. A vacation in Hajd\u00faszoboszl\u00f3 with direct access to the beach isn\u2019t just convenient\u2014it offers true freedom for people of all ages. Imagine starting your morning to the soft hum of the Nespresso machine in your room, while the family gets ready in the cool comfort of the room. For us, a carefree summer isn\u2019t just a catchy phrase, but the promise of a vacation free from the hassle of logistics.<\/p>\n<p>Through the revolving door in our hotel\u2019s courtyard, you can enter the Hungarospa Beach Baths area directly with your exclusive wristband\u2014no waiting and no extra charges. Just a few steps away, you can enjoy the bubbling pools you can enjoy with your friends, the pirate ship-themed Mediterranean pool, or the kids\u2019 favorite kiddie pools. This proximity gives you the luxury of popping back to your room for a refreshment at any time, or putting the little ones down for an afternoon nap\u2014and then getting back to the aquatic fun just as easily.<\/p>\n<p>Our two-bedroom interconnecting rooms, designed for larger families, ensure that no one has to compromise. And if the weather doesn\u2019t cooperate, D\u00e9lib\u00e1b\u2019s own <a href=\"https:\/\/hoteldelibab.hu\/delibab-wellness\/\" target=\"_blank\" rel=\"noopener\">indoor wellness area<\/a> and medicinal pools guarantee that your adventures can continue even in bad weather.<\/p>\n<p>End your day with our lavish and spectacular buffet dinner, where local flavors and international culinary delights will make your day complete. <strong>Forget about planning and just relax\u2014every experience is right at your fingertips!<\/strong><\/p>\n\n\t\t<\/div>\n\t<\/div>\n<\/div><\/div><\/div><\/div><div class=\"vc_row wpb_row vc_row-fluid vc_custom_1578302848189\" ><div class=\"wpb_column vc_column_container vc_col-sm-6\"><div class=\"vc_column-inner\"><div class=\"wpb_wrapper\">\n\t<div class=\"wpb_text_column wpb_content_element vc_custom_1767892782816\" >\n\t\t<div class=\"wpb_wrapper\">\n\t\t\t<div class=\"xdj266r x11i5rnm xat24cr x1mh8g0r x1vvkbs x126k92a\">\n<p><strong>Accommodation<\/strong> in your chosen room type<br \/>\n<strong>Meals<br \/>\n<\/strong>Rich buffet breakfast<br \/>\nBuffet dinner \u2013 with local and international delicacies, drinks not included<br \/>\n<strong>D\u00e9lib\u00e1b Wellness | Unlimited experience between 8:00 AM and 8 PM<\/strong><br \/>\nDivided thermal pool \u2022 32-34\u00b0C &amp; 36-38\u00b0C<br \/>\nAdventure pool<br \/>\nNeck shower<br \/>\nHot tub<br \/>\n<strong>Sauna World<\/strong><br \/>\nA classic hot Finnish sauna and a milder bio sauna, ice well, steam chamber, relaxation chamber with salt blocks<br \/>\nPlunge pool<br \/>\n<strong>Entertainment and extras<br \/>\n<\/strong><a href=\"https:\/\/touchgametable.com\/\" target=\"_blank\" rel=\"noopener\">TouchGameTable<\/a> \u2013 digital board games<br \/>\nIndoor playhouse<br \/>\nAvaliable for an extra charge: foosball, darts, billiards, air hockey<br \/>\n<strong>Room amenities<\/strong><br \/>\nBathrobe and slippers for the duration of your stay<br \/>\nWalk-in shower<br \/>\nHair dryer<br \/>\nAir conditioning<br \/>\nSatellite TV<br \/>\nWifi<br \/>\nNespresso coffe machine, capsules provided<br \/>\nWelcome mineral water in the room on the day of arrival<br \/>\n<strong>Parking<\/strong><br \/>\nLimited number of parking spots in front of the hotel\nFree \u2013 booking in advance not available<br \/>\nPaid parking in town<\/p>\n<\/div>\n\n\t\t<\/div>\n\t<\/div>\n<\/div><\/div><\/div><div class=\"wpb_column vc_column_container vc_col-sm-6\"><div class=\"vc_column-inner\"><div class=\"wpb_wrapper\"><p class=\"mkdf-custom-font-holder  mkdf-cf-8162\" style=\"font-weight: 600;text-align: justify;color: #B79430\" data-item-class=\"mkdf-cf-8162\">\n\tExclusive content - only in this package<\/p>\n\t<div class=\"wpb_text_column wpb_content_element\" >\n\t\t<div class=\"wpb_wrapper\">\n\t\t\t<p><strong>Direct, unlimited access<\/strong> to the operating pools of Hungarospa Open-Air Spa and Thermal Baths<\/p>\n\n\t\t<\/div>\n\t<\/div>\n<\/div><\/div><\/div><\/div><div class=\"vc_row wpb_row vc_row-fluid arak\" ><div class=\"wpb_column vc_column_container vc_col-sm-12\"><div class=\"vc_column-inner\"><div class=\"wpb_wrapper\"><div class=\"vc_separator wpb_content_element vc_separator_align_center vc_sep_width_100 vc_sep_pos_align_center vc_separator_no_text vc_custom_1764843122883 wpb_content_element  vc_custom_1764843122883 wpb_content_element\" ><span class=\"vc_sep_holder vc_sep_holder_l\"><span style=\"border-color:#a49383;\" class=\"vc_sep_line\"><\/span><\/span><span class=\"vc_sep_holder vc_sep_holder_r\"><span style=\"border-color:#a49383;\" class=\"vc_sep_line\"><\/span><\/span>\n<\/div>\n\t<div class=\"wpb_text_column wpb_content_element\" >\n\t\t<div class=\"wpb_wrapper\">\n\t\t\t<h6>Our prices may change depending on occupancy. The indicated prices include VAT and the service charge, but do not include the local tourist tax, which in Hajd\u00faszoboszl\u00f3 is 750 HUF \/ person \/ night. In the event of any change in the applicable VAT rate due to legislation, we reserve the right to adjust our prices accordingly.<\/h6>\n\n\t\t<\/div>\n\t<\/div>\n<div class=\"vc_separator wpb_content_element vc_separator_align_center vc_sep_width_100 vc_sep_pos_align_center vc_separator_no_text vc_custom_1778069122094 wpb_content_element  vc_custom_1778069122094 wpb_content_element\" ><span class=\"vc_sep_holder vc_sep_holder_l\"><span style=\"border-color:#a49383;\" class=\"vc_sep_line\"><\/span><\/span><span class=\"vc_sep_holder vc_sep_holder_r\"><span style=\"border-color:#a49383;\" class=\"vc_sep_line\"><\/span><\/span>\n<\/div><\/div><\/div><\/div><\/div><div class=\"vc_row wpb_row vc_row-fluid arak\" ><div class=\"wpb_column vc_column_container vc_col-sm-12\"><div class=\"vc_column-inner\"><div class=\"wpb_wrapper\"><div class=\"vc_separator wpb_content_element vc_separator_align_center vc_sep_width_100 vc_sep_pos_align_center vc_separator_no_text vc_custom_1764843122883 wpb_content_element  vc_custom_1764843122883 wpb_content_element\" ><span class=\"vc_sep_holder vc_sep_holder_l\"><span style=\"border-color:#a49383;\" class=\"vc_sep_line\"><\/span><\/span><span class=\"vc_sep_holder vc_sep_holder_r\"><span style=\"border-color:#a49383;\" class=\"vc_sep_line\"><\/span><\/span>\n<\/div><div  class=\"vc_do_toggle vc_toggle vc_toggle_default vc_toggle_color_default  vc_toggle_size_md\"><div class=\"vc_toggle_title\"><h6 style=\"text-align: left\" class=\"vc_custom_heading vc_do_custom_heading\" >How does direct access function?<\/h6><i class=\"vc_toggle_icon\"><\/i><\/div><div class=\"vc_toggle_content\"><h6>Through the revolving door in the hotel courtyard, guests can use the wristband they received at check-in to enter Hungarospa directly.<\/h6>\n<\/div><\/div><div  class=\"vc_do_toggle vc_toggle vc_toggle_default vc_toggle_color_default  vc_toggle_size_md\"><div class=\"vc_toggle_title\"><h6 style=\"text-align: left\" class=\"vc_custom_heading vc_do_custom_heading\" >Does the price contain the spa pass?<\/h6><i class=\"vc_toggle_icon\"><\/i><\/div><div class=\"vc_toggle_content\"><h6>Yes, our summer package deal provides unlimited, skip-the-line access to the open pools at the Hungarospa Open-Air Spa and Thermal Baths.<\/h6>\n<\/div><\/div><div  class=\"vc_do_toggle vc_toggle vc_toggle_default vc_toggle_color_default  vc_toggle_size_md\"><div class=\"vc_toggle_title\"><h6 style=\"text-align: left\" class=\"vc_custom_heading vc_do_custom_heading\" >Can I use all Hungarospa facilities with the wristband?<\/h6><i class=\"vc_toggle_icon\"><\/i><\/div><div class=\"vc_toggle_content\"><h6>No. The wristband you receive grants access <span style=\"text-decoration: underline;\">only to the <a href=\"https:\/\/youtu.be\/ZtHGpFIt32Y?si=GPxuVL3wiimJ_6Ch\" target=\"_blank\" rel=\"noopener\">Open-Air Spa and Thermal Bath's<\/a><\/span> outdoor pools. The Premium Zone, the indoor Aqua Palace water park, and the Aquapark are accessible only with the purchase of a supplementary ticket, which can be purchased at our hotel\u2019s front desk.<\/h6>\n<\/div><\/div><div  class=\"vc_do_toggle vc_toggle vc_toggle_default vc_toggle_color_default  vc_toggle_size_md\"><div class=\"vc_toggle_title\"><h6 style=\"text-align: left\" class=\"vc_custom_heading vc_do_custom_heading\" >What happens in case of bad weather?<\/h6><i class=\"vc_toggle_icon\"><\/i><\/div><div class=\"vc_toggle_content\"><h6>The package\u00a0<span style=\"text-decoration: underline;\">contains the wristband every time, regardless of weather,<\/span>\u00a0<strong>the fee is non-refundable<\/strong>, even if the wristbands are not used on the day in question. Our hotel\u2019s own indoor wellness area and medicinal pools offer a full range of relaxation options even in bad weather.<\/h6>\n<\/div><\/div><div class=\"vc_separator wpb_content_element vc_separator_align_center vc_sep_width_100 vc_sep_pos_align_center vc_separator_no_text vc_custom_1778069122094 wpb_content_element  vc_custom_1778069122094 wpb_content_element\" ><span class=\"vc_sep_holder vc_sep_holder_l\"><span style=\"border-color:#a49383;\" class=\"vc_sep_line\"><\/span><\/span><span class=\"vc_sep_holder vc_sep_holder_r\"><span style=\"border-color:#a49383;\" class=\"vc_sep_line\"><\/span><\/span>\n<\/div><\/div><\/div><\/div><\/div><div data-vc-full-width=\"true\" data-vc-full-width-init=\"false\" class=\"vc_row wpb_row vc_row-fluid vc_custom_1769681995148 vc_row-has-fill vc_column-gap-30 vc_row-o-content-middle vc_row-flex\" style=\"background-color:#555555\"><div class=\"wpb_column vc_column_container vc_col-sm-3\"><div class=\"vc_column-inner\"><div class=\"wpb_wrapper\"><\/div><\/div><\/div><div class=\"wpb_column vc_column_container vc_col-sm-6\"><div class=\"vc_column-inner vc_custom_1769681391476\"><div class=\"wpb_wrapper\"><div class=\"vc_tta-container\" data-vc-action=\"collapseAll\"><div class=\"vc_general vc_tta vc_tta-accordion vc_tta-color-chino vc_tta-style-classic vc_tta-shape-square vc_tta-o-shape-group vc_tta-controls-align-center vc_tta-o-no-fill vc_tta-o-all-clickable vc_custom_1583929257131\"><div class=\"vc_tta-panels-container\"><div class=\"vc_tta-panels\"><div class=\"vc_tta-panel\" id=\"1583926886641-f95a8218-4408\" data-vc-content=\".vc_tta-panel-body\"><div class=\"vc_tta-panel-heading\"><h4 class=\"vc_tta-panel-title vc_tta-controls-icon-position-left\"><a href=\"#1583926886641-f95a8218-4408\" data-vc-accordion data-vc-container=\".vc_tta-container\"><span class=\"vc_tta-title-text\">SUBSCRIBE TO OUR NEWSLETTER<\/span><i class=\"vc_tta-controls-icon vc_tta-controls-icon-triangle\"><\/i><\/a><\/h4><\/div><div class=\"vc_tta-panel-body\">\n\t<div class=\"wpb_raw_code wpb_raw_html wpb_content_element\" >\n\t\t<div class=\"wpb_wrapper\">\n\t\t\t                <div class=\"ml-embedded\" data-form=\"PZDCwX\"><\/div>\n            \n\t\t<\/div>\n\t<\/div>\n<\/div><\/div><\/div><\/div><\/div><\/div><\/div><\/div><\/div><div class=\"wpb_column vc_column_container vc_col-sm-3\"><div class=\"vc_column-inner\"><div class=\"wpb_wrapper\"><\/div><\/div><\/div><\/div><div class=\"vc_row-full-width vc_clearfix\"><\/div><div data-vc-full-width=\"true\" data-vc-full-width-init=\"false\" data-vc-stretch-content=\"true\" class=\"vc_row wpb_row vc_row-fluid vc_custom_1769682000846 vc_row-no-padding\" ><div class=\"wpb_column vc_column_container vc_col-sm-12\"><div class=\"vc_column-inner vc_custom_1667735788066\"><div class=\"wpb_wrapper\"><div  class=\"wpb_widgetised_column wpb_content_element\">\n\t\t<div class=\"wpb_wrapper\">\n\t\t\t\n\t\t\t<div class=\"widget_text widget widget_custom_html\"><div class=\"textwidget custom-html-widget\"><iframe src=\"https:\/\/www.google.com\/maps\/embed?pb=!1m18!1m12!1m3!1d2698.024179487201!2d21.395308815879872!3d47.45046810674325!2m3!1f0!2f0!3f0!3m2!1i1024!2i768!4f13.1!3m3!1m2!1s0x4747197c7dbfa419%3A0xa05f57e4146f300c!2zSG90ZWwgRMOpbGliw6Fi!5e0!3m2!1shu!2shu!4v1667732845164!5m2!1shu!2shu\" width=\"100%\" height=\"450\" style=\"border:0; filter:saturate(0%);\" allowfullscreen=\"\" loading=\"lazy\" referrerpolicy=\"no-referrer-when-downgrade\"><\/iframe>\r\n<\/div><\/div>\n\t\t<\/div>\n\t<\/div>\n<\/div><\/div><\/div><\/div><div class=\"vc_row-full-width vc_clearfix\"><\/div>\n<\/div>","protected":false},"excerpt":{"rendered":"Gondtalan nyaral\u00e1s Hajd\u00faszoboszl\u00f3n: ahol a szob\u00e1ja \u00e9s a strand \u00f6ssze\u00e9r Nyaral\u00e1s Hajd\u00faszoboszl\u00f3n k\u00f6zvetlen strandkapcsolattal N\u00e1lunk a strandpapucs az egyetlen l\u00e1bbeli, amire sz\u00fcks\u00e9ge lesz a szob\u00e1ja \u00e9s a strand medenc\u00e9i k\u00f6z\u00f6tt! 2026.06.01.-08.31. Min. 2 \u00e9jszaka \u00c9rkez\u00e9s: a h\u00e9t minden napj\u00e1n ak\u00e1r [...]","protected":false},"author":3,"featured_media":33858,"parent":16695,"menu_order":43,"comment_status":"closed","ping_status":"closed","template":"","meta":{"_acf_changed":false,"inline_featured_image":false,"footnotes":""},"class_list":["post-33833","page","type-page","status-publish","has-post-thumbnail","hentry"],"acf":[],"publishpress_future_action":{"enabled":true,"date":"2026-08-31 23:59:00","action":"change-status","newStatus":"draft","terms":[0],"taxonomy":"","extraData":[]},"publishpress_future_workflow_manual_trigger":{"enabledWorkflows":[]},"_links":{"self":[{"href":"https:\/\/hoteldelibab.hu\/en\/wp-json\/wp\/v2\/pages\/33833","targetHints":{"allow":["GET"]}}],"collection":[{"href":"https:\/\/hoteldelibab.hu\/en\/wp-json\/wp\/v2\/pages"}],"about":[{"href":"https:\/\/hoteldelibab.hu\/en\/wp-json\/wp\/v2\/types\/page"}],"author":[{"embeddable":true,"href":"https:\/\/hoteldelibab.hu\/en\/wp-json\/wp\/v2\/users\/3"}],"replies":[{"embeddable":true,"href":"https:\/\/hoteldelibab.hu\/en\/wp-json\/wp\/v2\/comments?post=33833"}],"version-history":[{"count":23,"href":"https:\/\/hoteldelibab.hu\/en\/wp-json\/wp\/v2\/pages\/33833\/revisions"}],"predecessor-version":[{"id":33878,"href":"https:\/\/hoteldelibab.hu\/en\/wp-json\/wp\/v2\/pages\/33833\/revisions\/33878"}],"up":[{"embeddable":true,"href":"https:\/\/hoteldelibab.hu\/en\/wp-json\/wp\/v2\/pages\/16695"}],"wp:featuredmedia":[{"embeddable":true,"href":"https:\/\/hoteldelibab.hu\/en\/wp-json\/wp\/v2\/media\/33858"}],"wp:attachment":[{"href":"https:\/\/hoteldelibab.hu\/en\/wp-json\/wp\/v2\/media?parent=33833"}],"curies":[{"name":"wp","href":"https:\/\/api.w.org\/{rel}","templated":true}]}}