{"id":19389,"date":"2019-12-10T09:55:12","date_gmt":"2019-12-10T09:55:12","guid":{"rendered":"https:\/\/hoteldelibab.hu\/?page_id=19389"},"modified":"2023-02-24T14:35:13","modified_gmt":"2023-02-24T14:35:13","slug":"programok","status":"publish","type":"page","link":"https:\/\/hoteldelibab.hu\/en\/programok\/","title":{"rendered":"Programok"},"content":{"rendered":"<div class=\"wpb-content-wrapper\"><div class=\"vc_row wpb_row vc_row-fluid\" ><div class=\"wpb_column vc_column_container vc_col-sm-12\"><div class=\"vc_column-inner\"><div class=\"wpb_wrapper\"><div class=\"mkdf-section-title-holder  mkdf-st-standard  mkdf-st-title-left mkdf-st-normal-space \" >\n\t<div class=\"mkdf-st-inner\">\n\t\t\t\t\t\t\t<h2 class=\"mkdf-st-title\" >\n\t\t\t\tProgramaj\u00e1nl\u00f3\t\t\t\t\t\t\t<\/h2>\n\t\t\t\t\t\t\t<\/div>\n<\/div><\/div><\/div><\/div><\/div><div class=\"vc_row wpb_row vc_row-fluid\" ><div class=\"wpb_column vc_column_container vc_col-sm-12\"><div class=\"vc_column-inner\"><div class=\"wpb_wrapper\"><div class=\"vc_separator wpb_content_element vc_separator_align_center vc_sep_width_100 vc_sep_pos_align_center vc_separator_no_text vc_custom_1550668365681 wpb_content_element  vc_custom_1550668365681 wpb_content_element\" ><span class=\"vc_sep_holder vc_sep_holder_l\"><span style=\"border-color:#a49383;\" class=\"vc_sep_line\"><\/span><\/span><span class=\"vc_sep_holder vc_sep_holder_r\"><span style=\"border-color:#a49383;\" class=\"vc_sep_line\"><\/span><\/span>\n<\/div><\/div><\/div><\/div><\/div><div class=\"vc_row wpb_row vc_row-fluid\" ><div class=\"wpb_column vc_column_container vc_col-sm-12\"><div class=\"vc_column-inner vc_custom_1575971826185\"><div class=\"wpb_wrapper\"><div class=\"mkdf-portfolio-list-holder mkdf-pl-masonry mkdf-normal-space mkdf-pl-three-columns mkdf-pl-standard-shader  mkdf-pl-has-shadow  mkdf-pl-pag-no-pagination mkdf-pl-has-filter    \"  data-type=masonry data-space-between-items=normal data-number-of-items=-1 data-image-proportions=full data-enable-fixed-proportions=no data-enable-image-shadow=yes data-category=programok-debrecen-hajduszoboszlo data-order-by=date data-order=ASC data-item-style=standard-shader data-enable-title=yes data-title-tag=p data-enable-category=yes data-enable-count-images=yes data-enable-excerpt=yes data-excerpt-length=100 data-pagination-type=no-pagination data-filter=yes data-filter-order-by=name data-enable-article-animation=no data-portfolio-slider-on=no data-enable-loop=yes data-enable-autoplay=yes data-slider-speed=5000 data-slider-speed-animation=600 data-enable-navigation=yes data-enable-pagination=yes data-max-num-pages=0 data-next-page=2>\n\t\t<div class=\"mkdf-pl-filter-holder\" >\n\t\t<div class=\"mkdf-plf-inner\">\n\t\t\t\t\t\t\t<ul >\n\t\t\t\t\t<li class=\"mkdf-pl-filter\" data-filter=\"\">\n\t\t\t\t\t\t<span>Show all<\/span>\n\t\t\t\t\t<\/li>\n\t\t\t\t\t\t\t\t\t\t\t<li class=\"mkdf-pl-filter\" data-filter=\".portfolio-category-kulturalis-program-debrecen-hajduszoboszlo\">\n\t\t\t\t\t\t\t<span>Kult\u00fara<\/span>\n\t\t\t\t\t\t<\/li>\n\t\t\t\t\t\t\t\t\t\t\t<li class=\"mkdf-pl-filter\" data-filter=\".portfolio-category-sport-esemeny-debrecen-hajduszoboszlo\">\n\t\t\t\t\t\t\t<span>Sport<\/span>\n\t\t\t\t\t\t<\/li>\n\t\t\t\t\t\t\t\t\t\t\t<li class=\"mkdf-pl-filter\" data-filter=\".portfolio-category-termeszetjaras-hajdu-bihar-hortobagy\">\n\t\t\t\t\t\t\t<span>Term\u00e9szet<\/span>\n\t\t\t\t\t\t<\/li>\n\t\t\t\t\t\t\t\t\t<\/ul>\n\t\t\t\t\t<\/div>\n\t<\/div>\n\t\n\t<div class=\"mkdf-pl-inner clearfix\">\n\t\t<div class=\"mkdf-pl-grid-sizer\"><\/div>\n\t\t<div class=\"mkdf-pl-grid-gutter\"><\/div>\n\t\t<article class=\"mkdf-pl-item mkdf-pl-masonry-default post-23151 portfolio-item type-portfolio-item status-publish has-post-thumbnail hentry portfolio-category-kulturalis-program-debrecen-hajduszoboszlo\">\n\t<div class=\"mkdf-pl-item-inner\">\n\t\t<div class=\"mkdf-pli-image\">\n\t\t\t<img loading=\"lazy\" decoding=\"async\" width=\"1600\" height=\"1200\" src=\"https:\/\/hoteldelibab.hu\/wp-content\/uploads\/2020\/05\/dotto-varosnezo-nosztalgiavonat-hajduszoboszlo-2.jpg\" class=\"attachment-full size-full wp-post-image\" alt=\"Varosnezo-nosztalgiavonat-Programok-HotelDelibab\" srcset=\"https:\/\/hoteldelibab.hu\/wp-content\/uploads\/2020\/05\/dotto-varosnezo-nosztalgiavonat-hajduszoboszlo-2.jpg 1600w, https:\/\/hoteldelibab.hu\/wp-content\/uploads\/2020\/05\/dotto-varosnezo-nosztalgiavonat-hajduszoboszlo-2-600x450.jpg 600w, https:\/\/hoteldelibab.hu\/wp-content\/uploads\/2020\/05\/dotto-varosnezo-nosztalgiavonat-hajduszoboszlo-2-1024x768.jpg 1024w, https:\/\/hoteldelibab.hu\/wp-content\/uploads\/2020\/05\/dotto-varosnezo-nosztalgiavonat-hajduszoboszlo-2-150x113.jpg 150w, https:\/\/hoteldelibab.hu\/wp-content\/uploads\/2020\/05\/dotto-varosnezo-nosztalgiavonat-hajduszoboszlo-2-768x576.jpg 768w, https:\/\/hoteldelibab.hu\/wp-content\/uploads\/2020\/05\/dotto-varosnezo-nosztalgiavonat-hajduszoboszlo-2-1536x1152.jpg 1536w, https:\/\/hoteldelibab.hu\/wp-content\/uploads\/2020\/05\/dotto-varosnezo-nosztalgiavonat-hajduszoboszlo-2-20x15.jpg 20w\" sizes=\"auto, (max-width: 1600px) 100vw, 1600px\" \/>\t<\/div>\n<div class=\"mkdf-pli-text-holder\">\n\t<div class=\"mkdf-pli-text-wrapper\">\n\t\t<div class=\"mkdf-pli-text\">\n\t\t\t\t<p itemprop=\"name\" class=\"mkdf-pli-title entry-title\" >\n\t\tV\u00e1rosn\u00e9z\u0151 Nosztalgiavonat\t<\/p>\n\n\t\t\t\t\t<div class=\"mkdf-pli-category-holder\">\n\t\t\t\t\t\t\t<a itemprop=\"url\" class=\"mkdf-pli-category\" href=\"https:\/\/hoteldelibab.hu\/en\/portfolio-category\/kulturalis-program-debrecen-hajduszoboszlo\/\">Kult\u00fara<\/a>\n\t\t\t\t\t<\/div>\n\t\n\t\t\t\t<p itemprop=\"description\" class=\"mkdf-pli-excerpt\">V\u00e1rosn\u00e9z\u0151 Nosztalgiavonat | Hajd\u00faszoboszl\u00f3 | Ismerd meg Hajd\u00faszoboszl\u00f3 nevezetess\u00e9geit a kis<\/p>\n\t\t<\/div>\n\t<\/div>\n<\/div>\t\t\n\t\t<a itemprop=\"url\" class=\"mkdf-pli-link mkdf-block-drag-link\" href=\"https:\/\/hoteldelibab.hu\/esemenyek\/varosnezo-nosztalgiavonat\/\" target=\"_blank\"><\/a>\n\t<\/div>\n<\/article><article class=\"mkdf-pl-item mkdf-pl-masonry-default post-21974 portfolio-item type-portfolio-item status-publish has-post-thumbnail hentry portfolio-category-sport-esemeny-debrecen-hajduszoboszlo\">\n\t<div class=\"mkdf-pl-item-inner\">\n\t\t<div class=\"mkdf-pli-image\">\n\t\t\t<img loading=\"lazy\" decoding=\"async\" width=\"960\" height=\"675\" src=\"https:\/\/hoteldelibab.hu\/wp-content\/uploads\/2020\/01\/Varosi-Szabadidopark-Hajduszoboszlo-1.jpg\" class=\"attachment-full size-full wp-post-image\" alt=\"\" srcset=\"https:\/\/hoteldelibab.hu\/wp-content\/uploads\/2020\/01\/Varosi-Szabadidopark-Hajduszoboszlo-1.jpg 960w, https:\/\/hoteldelibab.hu\/wp-content\/uploads\/2020\/01\/Varosi-Szabadidopark-Hajduszoboszlo-1-600x422.jpg 600w, https:\/\/hoteldelibab.hu\/wp-content\/uploads\/2020\/01\/Varosi-Szabadidopark-Hajduszoboszlo-1-768x540.jpg 768w, https:\/\/hoteldelibab.hu\/wp-content\/uploads\/2020\/01\/Varosi-Szabadidopark-Hajduszoboszlo-1-18x12.jpg 18w\" sizes=\"auto, (max-width: 960px) 100vw, 960px\" \/>\t<\/div>\n<div class=\"mkdf-pli-text-holder\">\n\t<div class=\"mkdf-pli-text-wrapper\">\n\t\t<div class=\"mkdf-pli-text\">\n\t\t\t\t<p itemprop=\"name\" class=\"mkdf-pli-title entry-title\" >\n\t\tV\u00e1rosi Szabadid\u0151park\t<\/p>\n\n\t\t\t\t\t<div class=\"mkdf-pli-category-holder\">\n\t\t\t\t\t\t\t<a itemprop=\"url\" class=\"mkdf-pli-category\" href=\"https:\/\/hoteldelibab.hu\/en\/portfolio-category\/sport-esemeny-debrecen-hajduszoboszlo\/\">Sport<\/a>\n\t\t\t\t\t<\/div>\n\t\n\t\t\t\t<p itemprop=\"description\" class=\"mkdf-pli-excerpt\">V\u00e1rosi Szabadid\u0151park Hajd\u00faszoboszl\u00f3: j\u00e1tsz\u00f3t\u00e9r, BMX- \u00e9s g\u00f6rkorcsolya p\u00e1lya, fitneszpark<\/p>\n\t\t<\/div>\n\t<\/div>\n<\/div>\t\t\n\t\t<a itemprop=\"url\" class=\"mkdf-pli-link mkdf-block-drag-link\" href=\"https:\/\/hoteldelibab.hu\/portfolio-item\/varosi-szabadidopark\/\" target=\"_blank\"><\/a>\n\t<\/div>\n<\/article><article class=\"mkdf-pl-item mkdf-pl-masonry-default post-21938 portfolio-item type-portfolio-item status-publish has-post-thumbnail hentry portfolio-category-kulturalis-program-debrecen-hajduszoboszlo portfolio-category-termeszetjaras-hajdu-bihar-hortobagy\">\n\t<div class=\"mkdf-pl-item-inner\">\n\t\t<div class=\"mkdf-pli-image\">\n\t\t\t<img loading=\"lazy\" decoding=\"async\" width=\"1920\" height=\"1280\" src=\"https:\/\/hoteldelibab.hu\/wp-content\/uploads\/2020\/01\/Haranghaz_SzentIstvanPark_Hajduszoboszlo.jpg\" class=\"attachment-full size-full wp-post-image\" alt=\"Harangh\u00e1z, Szent Istv\u00e1n Park Hajd\u00faszoboszl\u00f3\" srcset=\"https:\/\/hoteldelibab.hu\/wp-content\/uploads\/2020\/01\/Haranghaz_SzentIstvanPark_Hajduszoboszlo.jpg 1920w, https:\/\/hoteldelibab.hu\/wp-content\/uploads\/2020\/01\/Haranghaz_SzentIstvanPark_Hajduszoboszlo-600x400.jpg 600w, https:\/\/hoteldelibab.hu\/wp-content\/uploads\/2020\/01\/Haranghaz_SzentIstvanPark_Hajduszoboszlo-1024x683.jpg 1024w, https:\/\/hoteldelibab.hu\/wp-content\/uploads\/2020\/01\/Haranghaz_SzentIstvanPark_Hajduszoboszlo-768x512.jpg 768w, https:\/\/hoteldelibab.hu\/wp-content\/uploads\/2020\/01\/Haranghaz_SzentIstvanPark_Hajduszoboszlo-1536x1024.jpg 1536w\" sizes=\"auto, (max-width: 1920px) 100vw, 1920px\" \/>\t<\/div>\n<div class=\"mkdf-pli-text-holder\">\n\t<div class=\"mkdf-pli-text-wrapper\">\n\t\t<div class=\"mkdf-pli-text\">\n\t\t\t\t<p itemprop=\"name\" class=\"mkdf-pli-title entry-title\" >\n\t\tHarangh\u00e1z, Szent Istv\u00e1n Park\t<\/p>\n\n\t\t\t\t\t<div class=\"mkdf-pli-category-holder\">\n\t\t\t\t\t\t\t<a itemprop=\"url\" class=\"mkdf-pli-category\" href=\"https:\/\/hoteldelibab.hu\/en\/portfolio-category\/kulturalis-program-debrecen-hajduszoboszlo\/\">Kult\u00fara<\/a>\n\t\t\t\t\t\t\t<a itemprop=\"url\" class=\"mkdf-pli-category\" href=\"https:\/\/hoteldelibab.hu\/en\/portfolio-category\/termeszetjaras-hajdu-bihar-hortobagy\/\">Term\u00e9szet<\/a>\n\t\t\t\t\t<\/div>\n\t\n\t\t\t\t<p itemprop=\"description\" class=\"mkdf-pli-excerpt\">Harangh\u00e1z: a v\u00e1ros legfiatalabb \u00e9p\u00edt\u00e9szeti alkot\u00e1sa \u00e9s egyben jelk\u00e9pe.<\/p>\n\t\t<\/div>\n\t<\/div>\n<\/div>\t\t\n\t\t<a itemprop=\"url\" class=\"mkdf-pli-link mkdf-block-drag-link\" href=\"https:\/\/hoteldelibab.hu\/portfolio-item\/haranghaz-szent-istvan-park\/\" target=\"_blank\"><\/a>\n\t<\/div>\n<\/article>\t<\/div>\n\t\n\t<\/div><\/div><\/div><\/div><\/div><div data-vc-full-width=\"true\" data-vc-full-width-init=\"false\" class=\"vc_row wpb_row vc_row-fluid vc_custom_1587800348261 vc_row-has-fill vc_row-o-content-top vc_row-flex\" style=\"background-color:#555555\"><div class=\"wpb_column vc_column_container vc_col-sm-3\"><div class=\"vc_column-inner\"><div class=\"wpb_wrapper\">\n\t<div class=\"wpb_text_column wpb_content_element vc_custom_1583929103591\" >\n\t\t<div class=\"wpb_wrapper\">\n\t\t\t<h3 style=\"text-align: center;\">\u00a0<span style=\"color: #ffffff;\">AKTU\u00c1LIS AJ\u00c1NLATOK<\/span><\/h3>\n\n\t\t<\/div>\n\t<\/div>\n<\/div><\/div><\/div><div class=\"wpb_column vc_column_container vc_col-sm-6\"><div class=\"vc_column-inner\"><div class=\"wpb_wrapper\"><div class=\"vc_tta-container\" data-vc-action=\"collapseAll\"><div class=\"vc_general vc_tta vc_tta-accordion vc_tta-color-chino vc_tta-style-classic vc_tta-shape-square vc_tta-o-shape-group vc_tta-controls-align-center vc_tta-o-no-fill vc_tta-o-all-clickable vc_custom_1583929257131\"><div class=\"vc_tta-panels-container\"><div class=\"vc_tta-panels\"><div class=\"vc_tta-panel\" id=\"1583926886641-f95a8218-4408\" data-vc-content=\".vc_tta-panel-body\"><div class=\"vc_tta-panel-heading\"><h4 class=\"vc_tta-panel-title vc_tta-controls-icon-position-left\"><a href=\"#1583926886641-f95a8218-4408\" data-vc-accordion data-vc-container=\".vc_tta-container\"><span class=\"vc_tta-title-text\">H\u00cdRLEV\u00c9L FELIRATKOZ\u00c1S<\/span><i class=\"vc_tta-controls-icon vc_tta-controls-icon-triangle\"><\/i><\/a><\/h4><\/div><div class=\"vc_tta-panel-body\">\n\t<div class=\"wpb_raw_code wpb_raw_html wpb_content_element\" >\n\t\t<div class=\"wpb_wrapper\">\n\t\t\t                <div class=\"ml-embedded\" data-form=\"PZDCwX\"><\/div>\n            \n\t\t<\/div>\n\t<\/div>\n<\/div><\/div><\/div><\/div><\/div><\/div><\/div><\/div><\/div><div class=\"wpb_column vc_column_container vc_col-sm-3 vc_hidden-xs\"><div class=\"vc_column-inner\"><div class=\"wpb_wrapper\"><div  class=\"wpb_widgetised_column wpb_content_element\">\n\t\t<div class=\"wpb_wrapper\">\n\t\t\t\n\t\t\t\n\t\t<\/div>\n\t<\/div>\n<\/div><\/div><\/div><\/div><div class=\"vc_row-full-width vc_clearfix\"><\/div><div data-vc-full-width=\"true\" data-vc-full-width-init=\"false\" data-vc-stretch-content=\"true\" class=\"vc_row wpb_row vc_row-fluid vc_custom_1587800499717 vc_row-no-padding vc_row-o-equal-height vc_row-flex\" ><div class=\"wpb_column vc_column_container vc_col-sm-12\"><div class=\"vc_column-inner\"><div class=\"wpb_wrapper\"><div class=\"mkdf-google-map-holder\">\n\t<div class=\"mkdf-google-map\" id=\"mkdf-map-1064104\" data-addresses='[\"Hajd\u00faszoboszl\u00f3, J\u00f3zsef Attila u. 5-7\"]' data-custom-map-style=yes data-color-overlay=#393939 data-saturation=-100 data-lightness=15 data-zoom=16 data-pin=https:\/\/hoteldelibab.hu\/wp-content\/uploads\/2018\/08\/RAJZSZ\u00d6G80-e1533820011937.png data-unique-id=1064104 data-scroll-wheel=no data-height=400><\/div>\n\t\t\t<div class=\"mkdf-google-map-overlay\"><\/div>\n\t<\/div>\n<\/div><\/div><\/div><\/div><div class=\"vc_row-full-width vc_clearfix\"><\/div><div class=\"vc_row wpb_row vc_row-fluid\" ><div class=\"wpb_column vc_column_container vc_col-sm-12\"><div class=\"vc_column-inner\"><div class=\"wpb_wrapper\"><div class=\"mkdf-section-title-holder  mkdf-st-standard  mkdf-st-title-left mkdf-st-normal-space \" >\n\t<div class=\"mkdf-st-inner\">\n\t\t\t\t\t\t\t<h2 class=\"mkdf-st-title\" >\n\t\t\t\tProgramaj\u00e1nl\u00f3\t\t\t\t\t\t\t<\/h2>\n\t\t\t\t\t\t\t<\/div>\n<\/div><\/div><\/div><\/div><\/div><div class=\"vc_row wpb_row vc_row-fluid\" ><div class=\"wpb_column vc_column_container vc_col-sm-12\"><div class=\"vc_column-inner\"><div class=\"wpb_wrapper\"><div class=\"vc_separator wpb_content_element vc_separator_align_center vc_sep_width_100 vc_sep_pos_align_center vc_separator_no_text vc_custom_1550668365681 wpb_content_element  vc_custom_1550668365681 wpb_content_element\" ><span class=\"vc_sep_holder vc_sep_holder_l\"><span style=\"border-color:#a49383;\" class=\"vc_sep_line\"><\/span><\/span><span class=\"vc_sep_holder vc_sep_holder_r\"><span style=\"border-color:#a49383;\" class=\"vc_sep_line\"><\/span><\/span>\n<\/div><\/div><\/div><\/div><\/div><div class=\"vc_row wpb_row vc_row-fluid\" ><div class=\"wpb_column vc_column_container vc_col-sm-4\"><div class=\"vc_column-inner vc_custom_1575972002074\"><div class=\"wpb_wrapper\"><div  class=\"wpb_widgetised_column wpb_content_element\">\n\t\t<div class=\"wpb_wrapper\">\n\t\t\t\n\t\t\t\n\t\t<\/div>\n\t<\/div>\n<\/div><\/div><\/div><div class=\"wpb_column vc_column_container vc_col-sm-8\"><div class=\"vc_column-inner vc_custom_1575971826185\"><div class=\"wpb_wrapper\"><div class=\"mkdf-portfolio-list-holder mkdf-pl-gallery mkdf-normal-space mkdf-pl-two-columns mkdf-pl-standard-shader  mkdf-pl-has-shadow  mkdf-pl-pag-no-pagination mkdf-pl-has-filter mkdf-pl-has-animation   \"  data-type=gallery data-item-type=gallery data-number-of-columns=2 data-space-between-items=normal data-number-of-items=-1 data-image-proportions=square data-enable-fixed-proportions=no data-enable-image-shadow=yes data-category=programok-hajduszoboszlo data-order-by=date data-order=ASC data-item-style=standard-shader data-enable-title=yes data-title-tag=p data-enable-category=yes data-enable-count-images=yes data-enable-excerpt=yes data-excerpt-length=120 data-pagination-type=no-pagination data-filter=yes data-filter-order-by=name data-enable-article-animation=yes data-portfolio-slider-on=no data-enable-loop=yes data-enable-autoplay=yes data-slider-speed=5000 data-slider-speed-animation=600 data-enable-navigation=yes data-enable-pagination=yes data-max-num-pages=0 data-next-page=2>\n\t\t<div class=\"mkdf-pl-filter-holder\" >\n\t\t<div class=\"mkdf-plf-inner\">\n\t\t\t\t\t\t\t<ul >\n\t\t\t\t\t<li class=\"mkdf-pl-filter\" data-filter=\"\">\n\t\t\t\t\t\t<span>Show all<\/span>\n\t\t\t\t\t<\/li>\n\t\t\t\t\t\t\t\t\t\t\t<li class=\"mkdf-pl-filter\" data-filter=\".portfolio-category-classic\">\n\t\t\t\t\t\t\t<span>Classic<\/span>\n\t\t\t\t\t\t<\/li>\n\t\t\t\t\t\t\t\t\t\t\t<li class=\"mkdf-pl-filter\" data-filter=\".portfolio-category-classic-erkelyes\">\n\t\t\t\t\t\t\t<span>Classic erk\u00e9lyes<\/span>\n\t\t\t\t\t\t<\/li>\n\t\t\t\t\t\t\t\t\t\t\t<li class=\"mkdf-pl-filter\" data-filter=\".portfolio-category-csomagajanlatok-akciok\">\n\t\t\t\t\t\t\t<span>CSOMAGOK<\/span>\n\t\t\t\t\t\t<\/li>\n\t\t\t\t\t\t\t\t\t\t\t<li class=\"mkdf-pl-filter\" data-filter=\".portfolio-category-medical-cures-hajduszoboszlo\">\n\t\t\t\t\t\t\t<span>Eg\u00e9szs\u00e9g<\/span>\n\t\t\t\t\t\t<\/li>\n\t\t\t\t\t\t\t\t\t\t\t<li class=\"mkdf-pl-filter\" data-filter=\".portfolio-category-programok-debrecen-hajduszoboszlo\">\n\t\t\t\t\t\t\t<span>ESEM\u00c9NYEK<\/span>\n\t\t\t\t\t\t<\/li>\n\t\t\t\t\t\t\t\t\t\t\t<li class=\"mkdf-pl-filter\" data-filter=\".portfolio-category-photos-hotel-delibab-hajduszoboszlo\">\n\t\t\t\t\t\t\t<span>GAL\u00c9RIA<\/span>\n\t\t\t\t\t\t<\/li>\n\t\t\t\t\t\t\t\t\t\t\t<li class=\"mkdf-pl-filter\" data-filter=\".portfolio-category-gastronomy-hotel-delibab-hajduszoboszlo\">\n\t\t\t\t\t\t\t<span>Gasztron\u00f3mia<\/span>\n\t\t\t\t\t\t<\/li>\n\t\t\t\t\t\t\t\t\t\t\t<li class=\"mkdf-pl-filter\" data-filter=\".portfolio-category-healing-hotel-delibab-hajduszoboszlo\">\n\t\t\t\t\t\t\t<span>Gy\u00f3gy\u00e1szat<\/span>\n\t\t\t\t\t\t<\/li>\n\t\t\t\t\t\t\t\t\t\t\t<li class=\"mkdf-pl-filter\" data-filter=\".portfolio-category-indoor-playhouse-hotel-delibab\">\n\t\t\t\t\t\t\t<span>J\u00e1tsz\u00f3h\u00e1z<\/span>\n\t\t\t\t\t\t<\/li>\n\t\t\t\t\t\t\t\t\t\t\t<li class=\"mkdf-pl-filter\" data-filter=\".portfolio-category-kulturalis-program-debrecen-hajduszoboszlo\">\n\t\t\t\t\t\t\t<span>Kult\u00fara<\/span>\n\t\t\t\t\t\t<\/li>\n\t\t\t\t\t\t\t\t\t\t\t<li class=\"mkdf-pl-filter\" data-filter=\".portfolio-category-lakosztalyok-hotel-delibab\">\n\t\t\t\t\t\t\t<span>Lakoszt\u00e1ly<\/span>\n\t\t\t\t\t\t<\/li>\n\t\t\t\t\t\t\t\t\t\t\t<li class=\"mkdf-pl-filter\" data-filter=\".portfolio-category-suites-hotel-delibab-hajduszoboszlo\">\n\t\t\t\t\t\t\t<span>Lakoszt\u00e1lyok<\/span>\n\t\t\t\t\t\t<\/li>\n\t\t\t\t\t\t\t\t\t\t\t<li class=\"mkdf-pl-filter\" data-filter=\".portfolio-category-sport-esemeny-debrecen-hajduszoboszlo\">\n\t\t\t\t\t\t\t<span>Sport<\/span>\n\t\t\t\t\t\t<\/li>\n\t\t\t\t\t\t\t\t\t\t\t<li class=\"mkdf-pl-filter\" data-filter=\".portfolio-category-hotel-delibab-hajduszoboszlo\">\n\t\t\t\t\t\t\t<span>Sz\u00e1lloda<\/span>\n\t\t\t\t\t\t<\/li>\n\t\t\t\t\t\t\t\t\t\t\t<li class=\"mkdf-pl-filter\" data-filter=\".portfolio-category-room-types-hotel-delibab-hajduszoboszlo\">\n\t\t\t\t\t\t\t<span>SZOBA T\u00cdPUSOK<\/span>\n\t\t\t\t\t\t<\/li>\n\t\t\t\t\t\t\t\t\t\t\t<li class=\"mkdf-pl-filter\" data-filter=\".portfolio-category-rooms-hotel-delibab-hajduszoboszlo\">\n\t\t\t\t\t\t\t<span>Szob\u00e1k<\/span>\n\t\t\t\t\t\t<\/li>\n\t\t\t\t\t\t\t\t\t\t\t<li class=\"mkdf-pl-filter\" data-filter=\".portfolio-category-tavasz_spring\">\n\t\t\t\t\t\t\t<span>Tavasz<\/span>\n\t\t\t\t\t\t<\/li>\n\t\t\t\t\t\t\t\t\t\t\t<li class=\"mkdf-pl-filter\" data-filter=\".portfolio-category-termeszetjaras-hajdu-bihar-hortobagy\">\n\t\t\t\t\t\t\t<span>Term\u00e9szet<\/span>\n\t\t\t\t\t\t<\/li>\n\t\t\t\t\t\t\t\t\t\t\t<li class=\"mkdf-pl-filter\" data-filter=\".portfolio-category-wellness-csomagok-hajdoszoboszlo\">\n\t\t\t\t\t\t\t<span>Wellness<\/span>\n\t\t\t\t\t\t<\/li>\n\t\t\t\t\t\t\t\t\t\t\t<li class=\"mkdf-pl-filter\" data-filter=\".portfolio-category-wellness-oasis-hotel-delibab-hajduszoboszlo\">\n\t\t\t\t\t\t\t<span>Wellness O\u00e1zis<\/span>\n\t\t\t\t\t\t<\/li>\n\t\t\t\t\t\t\t\t\t<\/ul>\n\t\t\t\t\t<\/div>\n\t<\/div>\n\t\n\t<div class=\"mkdf-pl-inner  clearfix\">\n\t\t<p class=\"mkdf-pl-not-found\">Sorry, no posts matched your criteria.<\/p>\t<\/div>\n\t\n\t<\/div><\/div><\/div><\/div><\/div>\n<\/div>","protected":false},"excerpt":{"rendered":"Harangh\u00e1z | Szent Istv\u00e1n Park INFORM\u00c1CI\u00d3K Helysz\u00edn: Hajd\u00faszoboszl\u00f3, Szent Istv\u00e1n park 1-3. D\u00e1tum: Eg\u00e9sz \u00e9vben nyitva Weboldal: https:\/\/hajduszoboszlo.hu\/programok\/haranghaz Harangh\u00e1z, Szent Istv\u00e1n Park: Hajd\u00faszoboszl\u00f3 \u00faj \u00e9p\u00edtett \u00f6r\u00f6ks\u00e9ge A Harangh\u00e1z Hajd\u00faszoboszl\u00f3 legfiatalabb \u00e9p\u00edt\u00e9szeti alkot\u00e1sa, mely a v\u00e1rosnak adom\u00e1nyozott Oborzil harang-hagyat\u00e9k elhelyez\u00e9s\u00e9re \u00e9s [...]","protected":false},"author":5,"featured_media":0,"parent":0,"menu_order":0,"comment_status":"closed","ping_status":"closed","template":"","meta":{"_acf_changed":false,"inline_featured_image":false,"footnotes":""},"class_list":["post-19389","page","type-page","status-publish","hentry"],"acf":[],"publishpress_future_action":{"enabled":false,"date":"2026-04-27 10:35:53","action":"change-status","newStatus":"draft","terms":[],"taxonomy":"","extraData":[]},"publishpress_future_workflow_manual_trigger":{"enabledWorkflows":[]},"_links":{"self":[{"href":"https:\/\/hoteldelibab.hu\/en\/wp-json\/wp\/v2\/pages\/19389","targetHints":{"allow":["GET"]}}],"collection":[{"href":"https:\/\/hoteldelibab.hu\/en\/wp-json\/wp\/v2\/pages"}],"about":[{"href":"https:\/\/hoteldelibab.hu\/en\/wp-json\/wp\/v2\/types\/page"}],"author":[{"embeddable":true,"href":"https:\/\/hoteldelibab.hu\/en\/wp-json\/wp\/v2\/users\/5"}],"replies":[{"embeddable":true,"href":"https:\/\/hoteldelibab.hu\/en\/wp-json\/wp\/v2\/comments?post=19389"}],"version-history":[{"count":0,"href":"https:\/\/hoteldelibab.hu\/en\/wp-json\/wp\/v2\/pages\/19389\/revisions"}],"wp:attachment":[{"href":"https:\/\/hoteldelibab.hu\/en\/wp-json\/wp\/v2\/media?parent=19389"}],"curies":[{"name":"wp","href":"https:\/\/api.w.org\/{rel}","templated":true}]}}