{"id":18282,"date":"2018-09-14T11:06:24","date_gmt":"2018-09-14T11:06:24","guid":{"rendered":"https:\/\/hoteldelibab.hu\/kepgaleria-videok-3\/"},"modified":"2020-05-14T08:22:54","modified_gmt":"2020-05-14T08:22:54","slug":"gasztronomia","status":"publish","type":"page","link":"https:\/\/hoteldelibab.hu\/en\/kepgaleria-videok\/gasztronomia\/","title":{"rendered":"Gasztron\u00f3mia Gal\u00e9ria"},"content":{"rendered":"<div class=\"wpb-content-wrapper\"><div class=\"vc_row wpb_row vc_row-fluid\" ><div class=\"wpb_column vc_column_container vc_col-sm-12\"><div class=\"vc_column-inner\"><div class=\"wpb_wrapper\"><div class=\"mkdf-section-title-holder  mkdf-st-standard  mkdf-st-title-left mkdf-st-normal-space \" >\n\t<div class=\"mkdf-st-inner\">\n\t\t\t\t\t\t\t<h2 class=\"mkdf-st-title\" >\n\t\t\t\tK\u00e9p \u00e9s Vide\u00f3 Gal\u00e9ria\t\t\t\t\t\t\t<\/h2>\n\t\t\t\t\t\t\t<\/div>\n<\/div><div class=\"vc_separator wpb_content_element vc_separator_align_center vc_sep_width_100 vc_sep_pos_align_center vc_separator_no_text vc_custom_1533978010936 wpb_content_element  vc_custom_1533978010936 wpb_content_element\" ><span class=\"vc_sep_holder vc_sep_holder_l\"><span style=\"border-color:#a49383;\" class=\"vc_sep_line\"><\/span><\/span><span class=\"vc_sep_holder vc_sep_holder_r\"><span style=\"border-color:#a49383;\" class=\"vc_sep_line\"><\/span><\/span>\n<\/div><\/div><\/div><\/div><\/div><div class=\"vc_row wpb_row vc_row-fluid\" ><div class=\"wpb_column vc_column_container vc_col-sm-12\"><div class=\"vc_column-inner\"><div class=\"wpb_wrapper\"><div class=\"vc_btn3-container vc_btn3-center vc_do_btn\" ><a class=\"vc_general vc_btn3 vc_btn3-size-lg vc_btn3-shape-square vc_btn3-style-modern vc_btn3-color-chino\" href=\"https:\/\/hoteldelibab.hu\/kepgaleria-videok\/\" title=\"\">TELJES GAL\u00c9RI\u00c1NK ITT<\/a><\/div><\/div><\/div><\/div><\/div><div data-vc-full-width=\"true\" data-vc-full-width-init=\"false\" data-vc-stretch-content=\"true\" class=\"vc_row wpb_row vc_row-fluid\" ><div class=\"wpb_column vc_column_container vc_col-sm-12\"><div class=\"vc_column-inner\"><div class=\"wpb_wrapper\"><div class=\"mkdf-portfolio-list-holder mkdf-pl-gallery mkdf-tiny-space mkdf-pl-three-columns mkdf-pl-gallery-slide-from-image-bottom  mkdf-pl-has-shadow  mkdf-pl-pag-infinite-scroll mkdf-pl-has-filter mkdf-pl-has-animation   \"  data-type=gallery data-item-type=gallery data-number-of-columns=3 data-space-between-items=tiny data-number-of-items=-1 data-image-proportions=full data-enable-fixed-proportions=no data-enable-image-shadow=yes data-category=etterem-hotel-delibab-hajduszoboszlo data-order-by=menu_order data-order=ASC data-item-style=gallery-slide-from-image-bottom data-enable-title=yes data-title-tag=p data-enable-category=yes data-enable-count-images=yes data-enable-excerpt=no data-excerpt-length=20 data-pagination-type=infinite-scroll data-filter=yes data-filter-order-by=name data-enable-article-animation=yes data-portfolio-slider-on=no data-enable-loop=yes data-enable-autoplay=yes data-slider-speed=5000 data-slider-speed-animation=600 data-enable-navigation=yes data-enable-pagination=yes data-max-num-pages=0 data-next-page=2>\n\t\t<div class=\"mkdf-pl-filter-holder\" >\n\t\t<div class=\"mkdf-plf-inner\">\n\t\t\t\t\t\t\t<ul >\n\t\t\t\t\t<li class=\"mkdf-pl-filter\" data-filter=\"\">\n\t\t\t\t\t\t<span>Show all<\/span>\n\t\t\t\t\t<\/li>\n\t\t\t\t\t\t\t\t\t\t\t<li class=\"mkdf-pl-filter\" data-filter=\".portfolio-category-classic\">\n\t\t\t\t\t\t\t<span>Classic<\/span>\n\t\t\t\t\t\t<\/li>\n\t\t\t\t\t\t\t\t\t\t\t<li class=\"mkdf-pl-filter\" data-filter=\".portfolio-category-classic-erkelyes\">\n\t\t\t\t\t\t\t<span>Classic erk\u00e9lyes<\/span>\n\t\t\t\t\t\t<\/li>\n\t\t\t\t\t\t\t\t\t\t\t<li class=\"mkdf-pl-filter\" data-filter=\".portfolio-category-csomagajanlatok-akciok\">\n\t\t\t\t\t\t\t<span>CSOMAGOK<\/span>\n\t\t\t\t\t\t<\/li>\n\t\t\t\t\t\t\t\t\t\t\t<li class=\"mkdf-pl-filter\" data-filter=\".portfolio-category-medical-cures-hajduszoboszlo\">\n\t\t\t\t\t\t\t<span>Eg\u00e9szs\u00e9g<\/span>\n\t\t\t\t\t\t<\/li>\n\t\t\t\t\t\t\t\t\t\t\t<li class=\"mkdf-pl-filter\" data-filter=\".portfolio-category-programok-debrecen-hajduszoboszlo\">\n\t\t\t\t\t\t\t<span>ESEM\u00c9NYEK<\/span>\n\t\t\t\t\t\t<\/li>\n\t\t\t\t\t\t\t\t\t\t\t<li class=\"mkdf-pl-filter\" data-filter=\".portfolio-category-photos-hotel-delibab-hajduszoboszlo\">\n\t\t\t\t\t\t\t<span>GAL\u00c9RIA<\/span>\n\t\t\t\t\t\t<\/li>\n\t\t\t\t\t\t\t\t\t\t\t<li class=\"mkdf-pl-filter\" data-filter=\".portfolio-category-gastronomy-hotel-delibab-hajduszoboszlo\">\n\t\t\t\t\t\t\t<span>Gasztron\u00f3mia<\/span>\n\t\t\t\t\t\t<\/li>\n\t\t\t\t\t\t\t\t\t\t\t<li class=\"mkdf-pl-filter\" data-filter=\".portfolio-category-healing-hotel-delibab-hajduszoboszlo\">\n\t\t\t\t\t\t\t<span>Gy\u00f3gy\u00e1szat<\/span>\n\t\t\t\t\t\t<\/li>\n\t\t\t\t\t\t\t\t\t\t\t<li class=\"mkdf-pl-filter\" data-filter=\".portfolio-category-indoor-playhouse-hotel-delibab\">\n\t\t\t\t\t\t\t<span>J\u00e1tsz\u00f3h\u00e1z<\/span>\n\t\t\t\t\t\t<\/li>\n\t\t\t\t\t\t\t\t\t\t\t<li class=\"mkdf-pl-filter\" data-filter=\".portfolio-category-kulturalis-program-debrecen-hajduszoboszlo\">\n\t\t\t\t\t\t\t<span>Kult\u00fara<\/span>\n\t\t\t\t\t\t<\/li>\n\t\t\t\t\t\t\t\t\t\t\t<li class=\"mkdf-pl-filter\" data-filter=\".portfolio-category-lakosztalyok-hotel-delibab\">\n\t\t\t\t\t\t\t<span>Lakoszt\u00e1ly<\/span>\n\t\t\t\t\t\t<\/li>\n\t\t\t\t\t\t\t\t\t\t\t<li class=\"mkdf-pl-filter\" data-filter=\".portfolio-category-suites-hotel-delibab-hajduszoboszlo\">\n\t\t\t\t\t\t\t<span>Lakoszt\u00e1lyok<\/span>\n\t\t\t\t\t\t<\/li>\n\t\t\t\t\t\t\t\t\t\t\t<li class=\"mkdf-pl-filter\" data-filter=\".portfolio-category-sport-esemeny-debrecen-hajduszoboszlo\">\n\t\t\t\t\t\t\t<span>Sport<\/span>\n\t\t\t\t\t\t<\/li>\n\t\t\t\t\t\t\t\t\t\t\t<li class=\"mkdf-pl-filter\" data-filter=\".portfolio-category-hotel-delibab-hajduszoboszlo\">\n\t\t\t\t\t\t\t<span>Sz\u00e1lloda<\/span>\n\t\t\t\t\t\t<\/li>\n\t\t\t\t\t\t\t\t\t\t\t<li class=\"mkdf-pl-filter\" data-filter=\".portfolio-category-room-types-hotel-delibab-hajduszoboszlo\">\n\t\t\t\t\t\t\t<span>SZOBA T\u00cdPUSOK<\/span>\n\t\t\t\t\t\t<\/li>\n\t\t\t\t\t\t\t\t\t\t\t<li class=\"mkdf-pl-filter\" data-filter=\".portfolio-category-rooms-hotel-delibab-hajduszoboszlo\">\n\t\t\t\t\t\t\t<span>Szob\u00e1k<\/span>\n\t\t\t\t\t\t<\/li>\n\t\t\t\t\t\t\t\t\t\t\t<li class=\"mkdf-pl-filter\" data-filter=\".portfolio-category-tavasz_spring\">\n\t\t\t\t\t\t\t<span>Tavasz<\/span>\n\t\t\t\t\t\t<\/li>\n\t\t\t\t\t\t\t\t\t\t\t<li class=\"mkdf-pl-filter\" data-filter=\".portfolio-category-termeszetjaras-hajdu-bihar-hortobagy\">\n\t\t\t\t\t\t\t<span>Term\u00e9szet<\/span>\n\t\t\t\t\t\t<\/li>\n\t\t\t\t\t\t\t\t\t\t\t<li class=\"mkdf-pl-filter\" data-filter=\".portfolio-category-wellness-csomagok-hajdoszoboszlo\">\n\t\t\t\t\t\t\t<span>Wellness<\/span>\n\t\t\t\t\t\t<\/li>\n\t\t\t\t\t\t\t\t\t\t\t<li class=\"mkdf-pl-filter\" data-filter=\".portfolio-category-wellness-oasis-hotel-delibab-hajduszoboszlo\">\n\t\t\t\t\t\t\t<span>Wellness O\u00e1zis<\/span>\n\t\t\t\t\t\t<\/li>\n\t\t\t\t\t\t\t\t\t<\/ul>\n\t\t\t\t\t<\/div>\n\t<\/div>\n\t\n\t<div class=\"mkdf-pl-inner  clearfix\">\n\t\t<p class=\"mkdf-pl-not-found\">Sorry, no posts matched your criteria.<\/p>\t<\/div>\n\t\n\t<\/div><\/div><\/div><\/div><\/div><div class=\"vc_row-full-width vc_clearfix\"><\/div><div class=\"vc_row wpb_row vc_row-fluid\" ><div class=\"wpb_column vc_column_container vc_col-sm-12\"><div class=\"vc_column-inner\"><div class=\"wpb_wrapper\"><div class=\"vc_separator wpb_content_element vc_separator_align_center vc_sep_width_100 vc_sep_pos_align_center vc_separator_no_text vc_custom_1580579753544 wpb_content_element  vc_custom_1580579753544 wpb_content_element\" ><span class=\"vc_sep_holder vc_sep_holder_l\"><span style=\"border-color:#a49383;\" class=\"vc_sep_line\"><\/span><\/span><span class=\"vc_sep_holder vc_sep_holder_r\"><span style=\"border-color:#a49383;\" class=\"vc_sep_line\"><\/span><\/span>\n<\/div><\/div><\/div><\/div><\/div><div data-vc-full-width=\"true\" data-vc-full-width-init=\"false\" class=\"vc_row wpb_row vc_row-fluid vc_custom_1589444338970 vc_row-has-fill vc_row-o-content-top vc_row-flex\" style=\"background-color:#555555\"><div class=\"wpb_column vc_column_container vc_col-sm-3\"><div class=\"vc_column-inner\"><div class=\"wpb_wrapper\">\n\t<div class=\"wpb_text_column wpb_content_element vc_custom_1583929103591\" >\n\t\t<div class=\"wpb_wrapper\">\n\t\t\t<h3 style=\"text-align: center;\">\u00a0<span style=\"color: #ffffff;\">AKTU\u00c1LIS AJ\u00c1NLATOK<\/span><\/h3>\n\n\t\t<\/div>\n\t<\/div>\n<\/div><\/div><\/div><div class=\"wpb_column vc_column_container vc_col-sm-6\"><div class=\"vc_column-inner\"><div class=\"wpb_wrapper\"><div class=\"vc_tta-container\" data-vc-action=\"collapseAll\"><div class=\"vc_general vc_tta vc_tta-accordion vc_tta-color-chino vc_tta-style-classic vc_tta-shape-square vc_tta-o-shape-group vc_tta-controls-align-center vc_tta-o-no-fill vc_tta-o-all-clickable vc_custom_1583929257131\"><div class=\"vc_tta-panels-container\"><div class=\"vc_tta-panels\"><div class=\"vc_tta-panel\" id=\"1583926886641-f95a8218-4408\" data-vc-content=\".vc_tta-panel-body\"><div class=\"vc_tta-panel-heading\"><h4 class=\"vc_tta-panel-title vc_tta-controls-icon-position-left\"><a href=\"#1583926886641-f95a8218-4408\" data-vc-accordion data-vc-container=\".vc_tta-container\"><span class=\"vc_tta-title-text\">H\u00cdRLEV\u00c9L FELIRATKOZ\u00c1S<\/span><i class=\"vc_tta-controls-icon vc_tta-controls-icon-triangle\"><\/i><\/a><\/h4><\/div><div class=\"vc_tta-panel-body\">\n\t<div class=\"wpb_raw_code wpb_raw_html wpb_content_element\" >\n\t\t<div class=\"wpb_wrapper\">\n\t\t\t                <div class=\"ml-embedded\" data-form=\"PZDCwX\"><\/div>\n            \n\t\t<\/div>\n\t<\/div>\n<\/div><\/div><\/div><\/div><\/div><\/div><\/div><\/div><\/div><div class=\"wpb_column vc_column_container vc_col-sm-3 vc_hidden-xs\"><div class=\"vc_column-inner\"><div class=\"wpb_wrapper\"><div  class=\"wpb_widgetised_column wpb_content_element\">\n\t\t<div class=\"wpb_wrapper\">\n\t\t\t\n\t\t\t\n\t\t<\/div>\n\t<\/div>\n<\/div><\/div><\/div><\/div><div class=\"vc_row-full-width vc_clearfix\"><\/div><div data-vc-full-width=\"true\" data-vc-full-width-init=\"false\" data-vc-stretch-content=\"true\" class=\"vc_row wpb_row vc_row-fluid vc_custom_1589444347228 vc_row-no-padding vc_row-o-equal-height vc_row-flex\" ><div class=\"wpb_column vc_column_container vc_col-sm-12\"><div class=\"vc_column-inner\"><div class=\"wpb_wrapper\"><div class=\"mkdf-google-map-holder\">\n\t<div class=\"mkdf-google-map\" id=\"mkdf-map-1072913\" data-addresses='[\"Hajd\u00faszoboszl\u00f3, J\u00f3zsef Attila u. 5-7\"]' data-custom-map-style=yes data-color-overlay=#393939 data-saturation=-100 data-lightness=15 data-zoom=16 data-pin=https:\/\/hoteldelibab.hu\/wp-content\/uploads\/2018\/08\/RAJZSZ\u00d6G80-e1533820011937.png data-unique-id=1072913 data-scroll-wheel=no data-height=400><\/div>\n\t\t\t<div class=\"mkdf-google-map-overlay\"><\/div>\n\t<\/div>\n<\/div><\/div><\/div><\/div><div class=\"vc_row-full-width vc_clearfix\"><\/div><div class=\"vc_row wpb_row vc_row-fluid\" ><div class=\"wpb_column vc_column_container vc_col-sm-12\"><div class=\"vc_column-inner\"><div class=\"wpb_wrapper\"><div class=\"mkdf-section-title-holder  mkdf-st-standard  mkdf-st-title-left mkdf-st-normal-space \" >\n\t<div class=\"mkdf-st-inner\">\n\t\t\t\t\t\t\t<h2 class=\"mkdf-st-title\" >\n\t\t\t\tK\u00e9p \u00e9s Vide\u00f3 Gal\u00e9ria\t\t\t\t\t\t\t<\/h2>\n\t\t\t\t\t\t\t<\/div>\n<\/div><div class=\"vc_separator wpb_content_element vc_separator_align_center vc_sep_width_100 vc_sep_pos_align_center vc_separator_no_text vc_custom_1533978010936 wpb_content_element  vc_custom_1533978010936 wpb_content_element\" ><span class=\"vc_sep_holder vc_sep_holder_l\"><span style=\"border-color:#a49383;\" class=\"vc_sep_line\"><\/span><\/span><span class=\"vc_sep_holder vc_sep_holder_r\"><span style=\"border-color:#a49383;\" class=\"vc_sep_line\"><\/span><\/span>\n<\/div><\/div><\/div><\/div><\/div><div class=\"vc_row wpb_row vc_row-fluid\" ><div class=\"wpb_column vc_column_container vc_col-sm-12\"><div class=\"vc_column-inner\"><div class=\"wpb_wrapper\"><div class=\"vc_btn3-container vc_btn3-center vc_do_btn\" ><a class=\"vc_general vc_btn3 vc_btn3-size-lg vc_btn3-shape-square vc_btn3-style-modern vc_btn3-color-chino\" href=\"https:\/\/hoteldelibab.hu\/kepgaleria-videok\/\" title=\"\">TELJES GAL\u00c9RI\u00c1NK ITT<\/a><\/div><\/div><\/div><\/div><\/div><div class=\"vc_row wpb_row vc_row-fluid\" ><div class=\"wpb_column vc_column_container vc_col-sm-12\"><div class=\"vc_column-inner\"><div class=\"wpb_wrapper\"><div class=\"mkdf-portfolio-list-holder mkdf-pl-masonry mkdf-normal-space mkdf-pl-four-columns mkdf-pl-standard-shader mkdf-pl-images-fixed mkdf-pl-has-shadow  mkdf-pl-pag-infinite-scroll mkdf-pl-has-filter mkdf-pl-has-animation   \"  data-type=masonry data-number-of-columns=4 data-space-between-items=normal data-number-of-items=-1 data-image-proportions=full data-enable-fixed-proportions=yes data-enable-image-shadow=yes data-category=etterem-hotel-delibab-hajduszoboszlo data-order-by=menu_order data-order=ASC data-item-style=standard-shader data-enable-title=no data-title-tag=p data-enable-category=no data-enable-count-images=yes data-enable-excerpt=yes data-excerpt-length=100 data-pagination-type=infinite-scroll data-filter=yes data-filter-order-by=name data-enable-article-animation=yes data-portfolio-slider-on=no data-enable-loop=yes data-enable-autoplay=yes data-slider-speed=5000 data-slider-speed-animation=600 data-enable-navigation=yes data-enable-pagination=yes data-max-num-pages=0 data-next-page=2>\n\t\t<div class=\"mkdf-pl-filter-holder\" >\n\t\t<div class=\"mkdf-plf-inner\">\n\t\t\t\t\t\t\t<ul >\n\t\t\t\t\t<li class=\"mkdf-pl-filter\" data-filter=\"\">\n\t\t\t\t\t\t<span>Show all<\/span>\n\t\t\t\t\t<\/li>\n\t\t\t\t\t\t\t\t\t\t\t<li class=\"mkdf-pl-filter\" data-filter=\".portfolio-category-classic\">\n\t\t\t\t\t\t\t<span>Classic<\/span>\n\t\t\t\t\t\t<\/li>\n\t\t\t\t\t\t\t\t\t\t\t<li class=\"mkdf-pl-filter\" data-filter=\".portfolio-category-classic-erkelyes\">\n\t\t\t\t\t\t\t<span>Classic erk\u00e9lyes<\/span>\n\t\t\t\t\t\t<\/li>\n\t\t\t\t\t\t\t\t\t\t\t<li class=\"mkdf-pl-filter\" data-filter=\".portfolio-category-csomagajanlatok-akciok\">\n\t\t\t\t\t\t\t<span>CSOMAGOK<\/span>\n\t\t\t\t\t\t<\/li>\n\t\t\t\t\t\t\t\t\t\t\t<li class=\"mkdf-pl-filter\" data-filter=\".portfolio-category-medical-cures-hajduszoboszlo\">\n\t\t\t\t\t\t\t<span>Eg\u00e9szs\u00e9g<\/span>\n\t\t\t\t\t\t<\/li>\n\t\t\t\t\t\t\t\t\t\t\t<li class=\"mkdf-pl-filter\" data-filter=\".portfolio-category-programok-debrecen-hajduszoboszlo\">\n\t\t\t\t\t\t\t<span>ESEM\u00c9NYEK<\/span>\n\t\t\t\t\t\t<\/li>\n\t\t\t\t\t\t\t\t\t\t\t<li class=\"mkdf-pl-filter\" data-filter=\".portfolio-category-photos-hotel-delibab-hajduszoboszlo\">\n\t\t\t\t\t\t\t<span>GAL\u00c9RIA<\/span>\n\t\t\t\t\t\t<\/li>\n\t\t\t\t\t\t\t\t\t\t\t<li class=\"mkdf-pl-filter\" data-filter=\".portfolio-category-gastronomy-hotel-delibab-hajduszoboszlo\">\n\t\t\t\t\t\t\t<span>Gasztron\u00f3mia<\/span>\n\t\t\t\t\t\t<\/li>\n\t\t\t\t\t\t\t\t\t\t\t<li class=\"mkdf-pl-filter\" data-filter=\".portfolio-category-healing-hotel-delibab-hajduszoboszlo\">\n\t\t\t\t\t\t\t<span>Gy\u00f3gy\u00e1szat<\/span>\n\t\t\t\t\t\t<\/li>\n\t\t\t\t\t\t\t\t\t\t\t<li class=\"mkdf-pl-filter\" data-filter=\".portfolio-category-indoor-playhouse-hotel-delibab\">\n\t\t\t\t\t\t\t<span>J\u00e1tsz\u00f3h\u00e1z<\/span>\n\t\t\t\t\t\t<\/li>\n\t\t\t\t\t\t\t\t\t\t\t<li class=\"mkdf-pl-filter\" data-filter=\".portfolio-category-kulturalis-program-debrecen-hajduszoboszlo\">\n\t\t\t\t\t\t\t<span>Kult\u00fara<\/span>\n\t\t\t\t\t\t<\/li>\n\t\t\t\t\t\t\t\t\t\t\t<li class=\"mkdf-pl-filter\" data-filter=\".portfolio-category-lakosztalyok-hotel-delibab\">\n\t\t\t\t\t\t\t<span>Lakoszt\u00e1ly<\/span>\n\t\t\t\t\t\t<\/li>\n\t\t\t\t\t\t\t\t\t\t\t<li class=\"mkdf-pl-filter\" data-filter=\".portfolio-category-suites-hotel-delibab-hajduszoboszlo\">\n\t\t\t\t\t\t\t<span>Lakoszt\u00e1lyok<\/span>\n\t\t\t\t\t\t<\/li>\n\t\t\t\t\t\t\t\t\t\t\t<li class=\"mkdf-pl-filter\" data-filter=\".portfolio-category-sport-esemeny-debrecen-hajduszoboszlo\">\n\t\t\t\t\t\t\t<span>Sport<\/span>\n\t\t\t\t\t\t<\/li>\n\t\t\t\t\t\t\t\t\t\t\t<li class=\"mkdf-pl-filter\" data-filter=\".portfolio-category-hotel-delibab-hajduszoboszlo\">\n\t\t\t\t\t\t\t<span>Sz\u00e1lloda<\/span>\n\t\t\t\t\t\t<\/li>\n\t\t\t\t\t\t\t\t\t\t\t<li class=\"mkdf-pl-filter\" data-filter=\".portfolio-category-room-types-hotel-delibab-hajduszoboszlo\">\n\t\t\t\t\t\t\t<span>SZOBA T\u00cdPUSOK<\/span>\n\t\t\t\t\t\t<\/li>\n\t\t\t\t\t\t\t\t\t\t\t<li class=\"mkdf-pl-filter\" data-filter=\".portfolio-category-rooms-hotel-delibab-hajduszoboszlo\">\n\t\t\t\t\t\t\t<span>Szob\u00e1k<\/span>\n\t\t\t\t\t\t<\/li>\n\t\t\t\t\t\t\t\t\t\t\t<li class=\"mkdf-pl-filter\" data-filter=\".portfolio-category-tavasz_spring\">\n\t\t\t\t\t\t\t<span>Tavasz<\/span>\n\t\t\t\t\t\t<\/li>\n\t\t\t\t\t\t\t\t\t\t\t<li class=\"mkdf-pl-filter\" data-filter=\".portfolio-category-termeszetjaras-hajdu-bihar-hortobagy\">\n\t\t\t\t\t\t\t<span>Term\u00e9szet<\/span>\n\t\t\t\t\t\t<\/li>\n\t\t\t\t\t\t\t\t\t\t\t<li class=\"mkdf-pl-filter\" data-filter=\".portfolio-category-wellness-csomagok-hajdoszoboszlo\">\n\t\t\t\t\t\t\t<span>Wellness<\/span>\n\t\t\t\t\t\t<\/li>\n\t\t\t\t\t\t\t\t\t\t\t<li class=\"mkdf-pl-filter\" data-filter=\".portfolio-category-wellness-oasis-hotel-delibab-hajduszoboszlo\">\n\t\t\t\t\t\t\t<span>Wellness O\u00e1zis<\/span>\n\t\t\t\t\t\t<\/li>\n\t\t\t\t\t\t\t\t\t<\/ul>\n\t\t\t\t\t<\/div>\n\t<\/div>\n\t\n\t<div class=\"mkdf-pl-inner clearfix\">\n\t\t<div class=\"mkdf-pl-grid-sizer\"><\/div>\n\t\t<div class=\"mkdf-pl-grid-gutter\"><\/div>\n\t\t<p class=\"mkdf-pl-not-found\">Sorry, no posts matched your criteria.<\/p>\t<\/div>\n\t\n\t<\/div><\/div><\/div><\/div><\/div>\n<\/div>","protected":false},"excerpt":{"rendered":"K\u00e9p \u00e9s Vide\u00f3 Gal\u00e9ria TELJES GAL\u00c9RI\u00c1NK ITT Show all Classic Classic erk\u00e9lyes CSOMAGOK Eg\u00e9szs\u00e9g ESEM\u00c9NYEK GAL\u00c9RIA Gasztron\u00f3mia Gy\u00f3gy\u00e1szat J\u00e1tsz\u00f3h\u00e1z Kult\u00fara Lakoszt\u00e1ly Lakoszt\u00e1lyok Sport Sz\u00e1lloda SZOBA T\u00cdPUSOK Szob\u00e1k Tavasz Term\u00e9szet Wellness Wellness O\u00e1zis Sorry, no posts matched your criteria. \u00a0AKTU\u00c1LIS AJ\u00c1NLATOK [...]","protected":false},"author":5,"featured_media":0,"parent":18277,"menu_order":0,"comment_status":"closed","ping_status":"closed","template":"","meta":{"_acf_changed":false,"inline_featured_image":false,"footnotes":""},"class_list":["post-18282","page","type-page","status-publish","hentry"],"acf":[],"publishpress_future_action":{"enabled":false,"date":"2026-04-26 16:04:34","action":"change-status","newStatus":"draft","terms":[],"taxonomy":"","extraData":[]},"publishpress_future_workflow_manual_trigger":{"enabledWorkflows":[]},"_links":{"self":[{"href":"https:\/\/hoteldelibab.hu\/en\/wp-json\/wp\/v2\/pages\/18282","targetHints":{"allow":["GET"]}}],"collection":[{"href":"https:\/\/hoteldelibab.hu\/en\/wp-json\/wp\/v2\/pages"}],"about":[{"href":"https:\/\/hoteldelibab.hu\/en\/wp-json\/wp\/v2\/types\/page"}],"author":[{"embeddable":true,"href":"https:\/\/hoteldelibab.hu\/en\/wp-json\/wp\/v2\/users\/5"}],"replies":[{"embeddable":true,"href":"https:\/\/hoteldelibab.hu\/en\/wp-json\/wp\/v2\/comments?post=18282"}],"version-history":[{"count":0,"href":"https:\/\/hoteldelibab.hu\/en\/wp-json\/wp\/v2\/pages\/18282\/revisions"}],"up":[{"embeddable":true,"href":"https:\/\/hoteldelibab.hu\/en\/wp-json\/wp\/v2\/pages\/18277"}],"wp:attachment":[{"href":"https:\/\/hoteldelibab.hu\/en\/wp-json\/wp\/v2\/media?parent=18282"}],"curies":[{"name":"wp","href":"https:\/\/api.w.org\/{rel}","templated":true}]}}